{"id":4937,"date":"2022-05-25T17:31:51","date_gmt":"2022-05-25T15:31:51","guid":{"rendered":"http:\/\/medicals.benin-digital.com\/?page_id=4937"},"modified":"2025-04-22T17:32:11","modified_gmt":"2025-04-22T15:32:11","slug":"conctacter","status":"publish","type":"page","link":"https:\/\/medicals.benin-digital.com\/index.php\/conctacter\/","title":{"rendered":"Contacter"},"content":{"rendered":"\t\t<div data-elementor-type=\"wp-page\" data-elementor-id=\"4937\" class=\"elementor elementor-4937\">\n\t\t\t\t\t\t<section class=\"elementor-section elementor-top-section elementor-element elementor-element-f1b4b19 elementor-section-stretched elementor-section-boxed elementor-section-height-default elementor-section-height-default\" data-id=\"f1b4b19\" data-element_type=\"section\" data-e-type=\"section\" data-settings=\"{&quot;stretch_section&quot;:&quot;section-stretched&quot;}\">\n\t\t\t\t\t\t<div class=\"elementor-container elementor-column-gap-default\">\n\t\t\t\t\t<div class=\"elementor-column elementor-col-100 elementor-top-column elementor-element elementor-element-2041a07\" data-id=\"2041a07\" data-element_type=\"column\" data-e-type=\"column\">\n\t\t\t<div class=\"elementor-widget-wrap elementor-element-populated\">\n\t\t\t\t\t\t<div class=\"elementor-element elementor-element-2d7fc4a elementor-widget__width-inherit elementor-widget elementor-widget-image\" data-id=\"2d7fc4a\" data-element_type=\"widget\" data-e-type=\"widget\" data-widget_type=\"image.default\">\n\t\t\t\t<div class=\"elementor-widget-container\">\n\t\t\t\t\t\t\t\t\t\t\t\t\t\t\t<img fetchpriority=\"high\" decoding=\"async\" width=\"1024\" height=\"550\" src=\"https:\/\/medicals.benin-digital.com\/wp-content\/uploads\/2025\/04\/contact-1024x550.png\" class=\"attachment-medigroup_mikado_large_width size-medigroup_mikado_large_width wp-image-5596\" alt=\"contacter\" \/>\t\t\t\t\t\t\t\t\t\t\t\t\t\t\t<\/div>\n\t\t\t\t<\/div>\n\t\t\t\t<div class=\"elementor-element elementor-element-187290c elementor-absolute elementor-widget elementor-widget-heading\" data-id=\"187290c\" data-element_type=\"widget\" data-e-type=\"widget\" data-settings=\"{&quot;_position&quot;:&quot;absolute&quot;}\" data-widget_type=\"heading.default\">\n\t\t\t\t<div class=\"elementor-widget-container\">\n\t\t\t\t\t<h2 class=\"elementor-heading-title elementor-size-default\">Un besoin ? Une question ?\n\nNotre \u00e9quipe sant\u00e9 est disponible pour vous r\u00e9pondre rapidement<\/h2>\t\t\t\t<\/div>\n\t\t\t\t<\/div>\n\t\t\t\t<div class=\"elementor-element elementor-element-05c0eb7 elementor-absolute elementor-widget__width-inherit elementor-widget elementor-widget-text-editor\" data-id=\"05c0eb7\" data-element_type=\"widget\" data-e-type=\"widget\" data-settings=\"{&quot;_position&quot;:&quot;absolute&quot;}\" data-widget_type=\"text-editor.default\">\n\t\t\t\t<div class=\"elementor-widget-container\">\n\t\t\t\t\t\t\t\t\t<h1 style=\"position: relative;\"><strong><span style=\"color: #3366ff; heigth: 300px; width: 700px;\">Contactez notre \u00e9quipe sant\u00e9<\/span><\/strong><\/h1>\t\t\t\t\t\t\t\t<\/div>\n\t\t\t\t<\/div>\n\t\t\t\t<div class=\"elementor-element elementor-element-e303fdd elementor-widget elementor-widget-google_maps\" data-id=\"e303fdd\" data-element_type=\"widget\" data-e-type=\"widget\" data-widget_type=\"google_maps.default\">\n\t\t\t\t<div class=\"elementor-widget-container\">\n\t\t\t\t\t\t\t<div class=\"elementor-custom-embed\">\n\t\t\t<iframe loading=\"lazy\"\n\t\t\t\t\tsrc=\"https:\/\/maps.google.com\/maps?q=cotonou%20%2C%20Benin%20&#038;t=m&#038;z=16&#038;output=embed&#038;iwloc=near\"\n\t\t\t\t\ttitle=\"cotonou , Benin \"\n\t\t\t\t\taria-label=\"cotonou , Benin \"\n\t\t\t><\/iframe>\n\t\t<\/div>\n\t\t\t\t\t\t<\/div>\n\t\t\t\t<\/div>\n\t\t\t\t\t<\/div>\n\t\t<\/div>\n\t\t\t\t\t<\/div>\n\t\t<\/section>\n\t\t\t\t<section class=\"elementor-section elementor-top-section elementor-element elementor-element-13d8994 elementor-section-stretched elementor-section-boxed elementor-section-height-default elementor-section-height-default\" data-id=\"13d8994\" data-element_type=\"section\" data-e-type=\"section\" data-settings=\"{&quot;stretch_section&quot;:&quot;section-stretched&quot;}\">\n\t\t\t\t\t\t<div class=\"elementor-container elementor-column-gap-default\">\n\t\t\t\t\t<div class=\"elementor-column elementor-col-100 elementor-top-column elementor-element elementor-element-9efc037\" data-id=\"9efc037\" data-element_type=\"column\" data-e-type=\"column\">\n\t\t\t<div class=\"elementor-widget-wrap elementor-element-populated\">\n\t\t\t\t\t\t<section class=\"elementor-section elementor-inner-section elementor-element elementor-element-b84b6cf elementor-section-boxed elementor-section-height-default elementor-section-height-default\" data-id=\"b84b6cf\" data-element_type=\"section\" data-e-type=\"section\">\n\t\t\t\t\t\t<div class=\"elementor-container elementor-column-gap-default\">\n\t\t\t\t\t<div class=\"elementor-column elementor-col-50 elementor-inner-column elementor-element elementor-element-bea4836\" data-id=\"bea4836\" data-element_type=\"column\" data-e-type=\"column\">\n\t\t\t<div class=\"elementor-widget-wrap elementor-element-populated\">\n\t\t\t\t\t\t<div class=\"elementor-element elementor-element-8cbeace elementor-position-top elementor-widget elementor-widget-image-box\" data-id=\"8cbeace\" data-element_type=\"widget\" data-e-type=\"widget\" data-widget_type=\"image-box.default\">\n\t\t\t\t<div class=\"elementor-widget-container\">\n\t\t\t\t\t<div class=\"elementor-image-box-wrapper\"><figure class=\"elementor-image-box-img\"><img decoding=\"async\" width=\"150\" height=\"150\" src=\"https:\/\/medicals.benin-digital.com\/wp-content\/uploads\/2022\/06\/espace-reserve-150x150.png\" class=\"attachment-thumbnail size-thumbnail wp-image-5322\" alt=\"\" srcset=\"https:\/\/medicals.benin-digital.com\/wp-content\/uploads\/2022\/06\/espace-reserve-150x150.png 150w, https:\/\/medicals.benin-digital.com\/wp-content\/uploads\/2022\/06\/espace-reserve-300x300.png 300w, https:\/\/medicals.benin-digital.com\/wp-content\/uploads\/2022\/06\/espace-reserve-100x100.png 100w, https:\/\/medicals.benin-digital.com\/wp-content\/uploads\/2022\/06\/espace-reserve.png 512w\" sizes=\"(max-width: 150px) 100vw, 150px\" \/><\/figure><div class=\"elementor-image-box-content\"><div class=\"elementor-image-box-title\">Emplacement<\/div><p class=\"elementor-image-box-description\">A 108 ,Haie vive,Cotonou ,Benin<\/p><\/div><\/div>\t\t\t\t<\/div>\n\t\t\t\t<\/div>\n\t\t\t\t<div class=\"elementor-element elementor-element-02bd9a9 elementor-position-top elementor-widget elementor-widget-image-box\" data-id=\"02bd9a9\" data-element_type=\"widget\" data-e-type=\"widget\" data-widget_type=\"image-box.default\">\n\t\t\t\t<div class=\"elementor-widget-container\">\n\t\t\t\t\t<div class=\"elementor-image-box-wrapper\"><figure class=\"elementor-image-box-img\"><img decoding=\"async\" width=\"150\" height=\"150\" src=\"https:\/\/medicals.benin-digital.com\/wp-content\/uploads\/2022\/06\/courrier-150x150.png\" class=\"attachment-thumbnail size-thumbnail wp-image-5323\" alt=\"\" srcset=\"https:\/\/medicals.benin-digital.com\/wp-content\/uploads\/2022\/06\/courrier-150x150.png 150w, https:\/\/medicals.benin-digital.com\/wp-content\/uploads\/2022\/06\/courrier-300x300.png 300w, https:\/\/medicals.benin-digital.com\/wp-content\/uploads\/2022\/06\/courrier-100x100.png 100w, https:\/\/medicals.benin-digital.com\/wp-content\/uploads\/2022\/06\/courrier.png 512w\" sizes=\"(max-width: 150px) 100vw, 150px\" \/><\/figure><div class=\"elementor-image-box-content\"><div class=\"elementor-image-box-title\">E-mail<\/div><p class=\"elementor-image-box-description\">vitalife@gmail.com<\/p><\/div><\/div>\t\t\t\t<\/div>\n\t\t\t\t<\/div>\n\t\t\t\t<div class=\"elementor-element elementor-element-83dfc9b elementor-position-top elementor-widget elementor-widget-image-box\" data-id=\"83dfc9b\" data-element_type=\"widget\" data-e-type=\"widget\" data-widget_type=\"image-box.default\">\n\t\t\t\t<div class=\"elementor-widget-container\">\n\t\t\t\t\t<div class=\"elementor-image-box-wrapper\"><figure class=\"elementor-image-box-img\"><img loading=\"lazy\" decoding=\"async\" width=\"512\" height=\"512\" src=\"https:\/\/medicals.benin-digital.com\/wp-content\/uploads\/2022\/06\/mobile.png\" class=\"attachment-full size-full wp-image-5324\" alt=\"\" srcset=\"https:\/\/medicals.benin-digital.com\/wp-content\/uploads\/2022\/06\/mobile.png 512w, https:\/\/medicals.benin-digital.com\/wp-content\/uploads\/2022\/06\/mobile-300x300.png 300w, https:\/\/medicals.benin-digital.com\/wp-content\/uploads\/2022\/06\/mobile-150x150.png 150w, https:\/\/medicals.benin-digital.com\/wp-content\/uploads\/2022\/06\/mobile-100x100.png 100w\" sizes=\"(max-width: 512px) 100vw, 512px\" \/><\/figure><div class=\"elementor-image-box-content\"><div class=\"elementor-image-box-title\">Appel<\/div><p class=\"elementor-image-box-description\">+ 2290161623793<\/p><\/div><\/div>\t\t\t\t<\/div>\n\t\t\t\t<\/div>\n\t\t\t\t\t<\/div>\n\t\t<\/div>\n\t\t\t\t<div class=\"elementor-column elementor-col-50 elementor-inner-column elementor-element elementor-element-8363f1d\" data-id=\"8363f1d\" data-element_type=\"column\" data-e-type=\"column\">\n\t\t\t<div class=\"elementor-widget-wrap elementor-element-populated\">\n\t\t\t\t\t\t<div class=\"elementor-element elementor-element-a00ebca elementor-widget elementor-widget-wp-widget-mkd_booking_form_widget\" data-id=\"a00ebca\" data-element_type=\"widget\" data-e-type=\"widget\" data-widget_type=\"wp-widget-mkd_booking_form_widget.default\">\n\t\t\t\t<div class=\"elementor-widget-container\">\n\t\t\t\t\t<div class=\"mkd-booking-form mkd-bf-layout-horizontal dark \" data-depts-doctors=\"{&quot;Cardiology&quot;:[&quot;Dr John Burns&quot;,&quot;Dr Patricia Burton&quot;],&quot;Endocrinology&quot;:[&quot;Dr Jessica Blake&quot;,&quot;Dr Megan Wallace&quot;],&quot;General Surgery&quot;:[&quot;Dr Evan Taller&quot;,&quot;Dr Jamie Brannon&quot;,&quot;Dr Laurice Pace&quot;],&quot;Microbiology&quot;:[&quot;Dr Christine Foster&quot;,&quot;Dr Hugo Mauer&quot;],&quot;Neurology&quot;:[&quot;Dr Catherine Castillo&quot;,&quot;Dr Donald Cox&quot;],&quot;Primary Health Care&quot;:[&quot;Dr Alexander Burns&quot;,&quot;Dr Michael Lewis&quot;]}\">\n\n\t\t<div class=\"mkd-booking-form-widget-button\">\n\t\t<a target=\"_blank\" href=\"#\"><\/a>\n\t<\/div>\n\t\n\t<div class=\"mkd-booking-form-inner mkd-bf-bgnd-op-0\">\n\n\t\t\n\t\t\t\t<div class=\"mkd-bf-title\"><h2>ENTREZ EN CONTACT<\/h2><\/div>\n\t\t\n\t\t<div class=\"mkd-bf-form-fields mkd-bf-columns-2\">\n\t\t\t<form method=\"POST\">\n\n\t\t\t\t<div class=\"mkd-bf-form-item mkd-bf-narrow\">\n\t\t\t\t\t<select class=\"mkd-bf-select-field mkd-bf-select-department\" name=\"mkd-booking-department\">\n\t\t\t\t\t\t<option value=\"\">Department<\/option>\n\t\t\t\t\t\t\t\t\t\t\t\t<option value=\"Cardiology\">Cardiology<\/option>\n\t\t\t\t\t\t\t\t\t\t\t\t<option value=\"Endocrinology\">Endocrinology<\/option>\n\t\t\t\t\t\t\t\t\t\t\t\t<option value=\"General Surgery\">General Surgery<\/option>\n\t\t\t\t\t\t\t\t\t\t\t\t<option value=\"Microbiology\">Microbiology<\/option>\n\t\t\t\t\t\t\t\t\t\t\t\t<option value=\"Neurology\">Neurology<\/option>\n\t\t\t\t\t\t\t\t\t\t\t\t<option value=\"Primary Health Care\">Primary Health Care<\/option>\n\t\t\t\t\t\t\t\t\t\t\t<\/select>\n\t\t\t\t<\/div>\n\n\t\t\t\t<div class=\"mkd-bf-form-item mkd-bf-narrow\">\n\t\t\t\t\t<select class=\"mkd-bf-select-field mkd-bf-select-doctor\" name=\"mkd-booking-doctor\">\n\t\t\t\t\t\t<option value=\"\">Doctor<\/option>\n\t\t\t\t\t<\/select>\n\t\t\t\t<\/div>\n\n                <div class=\"mkd-bf-form-item mkd-bf-name mkd-bf-narrow\">\n                    <input type=\"text\" class=\"mkd-bf-input-name\" name=\"mkd-booking-name\" placeholder=\"Your Full Name\">\n                <\/div>\n\n                <div class=\"mkd-bf-form-item mkd-bf-contact mkd-bf-narrow\">\n                    <input type=\"text\" class=\"mkd-bf-input-contact\" name=\"mkd-booking-contact\" placeholder=\"Phone\">\n                <\/div>\n\n\t\t\t\t<div class=\"mkd-bf-form-item mkd-date mkd-bf-narrow\">\n\t\t\t\t\t<input type=\"text\" class=\"mkd-bf-input-date\" name=\"mkd-booking-date\" placeholder=\"Date\">\n\t\t\t\t\t<div class=\"mkd-bf-field-icon-holder\"><\/div>\n\t\t\t\t<\/div>\n\n\t\t\t\t<div class=\"mkd-bf-form-item mkd-time mkd-bf-narrow\">\n\t\t\t\t\t<input type=\"text\" class=\"mkd-bf-input-time\" name=\"mkd-booking-time\" placeholder=\"Time\">\n\t\t\t\t\t<div class=\"mkd-bf-field-icon-holder\"><\/div>\n\t\t\t\t<\/div>\n\n\t\t\t\t\t\t\t\t<div class=\"mkd-bf-form-item mkd-bf-wide\">\n\t\t\t\t\t<textarea class=\"mkd-bf-input-request\" name=\"mkd-booking-request\" placeholder=\"Special request...\"><\/textarea>\n\t\t\t\t<\/div>\n\t\t\t\t\n\t\t\t\t<span class=\"nonce\"><input type=\"hidden\" id=\"mkd_nonce_booking_form_875471825\" name=\"mkd_nonce_booking_form_875471825\" value=\"7bb55f5f59\" \/><input type=\"hidden\" name=\"_wp_http_referer\" value=\"\/index.php\/wp-json\/wp\/v2\/pages\/4937\" \/><\/span>\n\t\t\t\t<script type=\"application\/javascript\">if (typeof MikadoAjaxUrl === \"undefined\") {var MikadoAjaxUrl = \"https:\/\/medicals.benin-digital.com\/wp-admin\/admin-ajax.php\"; }<\/script>\n\t\t\t\t\n\t\t\t\t<div class=\"mkd-bf-form-button\">\n\t\t\t\t\t<input type=\"submit\" name=\"mkd-booking-submit\" value=\"Envoyer\"  class=\"mkd-btn mkd-btn-small mkd-btn-white mkd-btn-hover-white\"  data-sending-label=\"Sending...\" \/>\t\t\t\t<\/div>\n\n\t\t\t\t\t\t\t\t<div class=\"mkd-bf-form-response-holder\"><\/div>\n\t\t\t\t\n\t\t\t<\/form>\n\t\t<\/div>\n\n\t<\/div>\n<\/div>\t\t\t\t<\/div>\n\t\t\t\t<\/div>\n\t\t\t\t\t<\/div>\n\t\t<\/div>\n\t\t\t\t\t<\/div>\n\t\t<\/section>\n\t\t\t\t\t<\/div>\n\t\t<\/div>\n\t\t\t\t\t<\/div>\n\t\t<\/section>\n\t\t\t\t<\/div>\n\t\t","protected":false},"excerpt":{"rendered":"<p>Un besoin ? Une question ? Notre \u00e9quipe sant\u00e9 est disponible pour vous r\u00e9pondre rapidement Contactez notre \u00e9quipe sant\u00e9 Emplacement A 108 ,Haie vive,Cotonou ,Benin E-mail vitalife@gmail.com Appel + 2290161623793<\/p>\n","protected":false},"author":1,"featured_media":0,"parent":0,"menu_order":0,"comment_status":"closed","ping_status":"closed","template":"","meta":{"footnotes":""},"class_list":["post-4937","page","type-page","status-publish","hentry"],"_links":{"self":[{"href":"https:\/\/medicals.benin-digital.com\/index.php\/wp-json\/wp\/v2\/pages\/4937","targetHints":{"allow":["GET"]}}],"collection":[{"href":"https:\/\/medicals.benin-digital.com\/index.php\/wp-json\/wp\/v2\/pages"}],"about":[{"href":"https:\/\/medicals.benin-digital.com\/index.php\/wp-json\/wp\/v2\/types\/page"}],"author":[{"embeddable":true,"href":"https:\/\/medicals.benin-digital.com\/index.php\/wp-json\/wp\/v2\/users\/1"}],"replies":[{"embeddable":true,"href":"https:\/\/medicals.benin-digital.com\/index.php\/wp-json\/wp\/v2\/comments?post=4937"}],"version-history":[{"count":65,"href":"https:\/\/medicals.benin-digital.com\/index.php\/wp-json\/wp\/v2\/pages\/4937\/revisions"}],"predecessor-version":[{"id":5645,"href":"https:\/\/medicals.benin-digital.com\/index.php\/wp-json\/wp\/v2\/pages\/4937\/revisions\/5645"}],"wp:attachment":[{"href":"https:\/\/medicals.benin-digital.com\/index.php\/wp-json\/wp\/v2\/media?parent=4937"}],"curies":[{"name":"wp","href":"https:\/\/api.w.org\/{rel}","templated":true}]}}