{"id":4938,"date":"2022-05-25T17:31:51","date_gmt":"2022-05-25T15:31:51","guid":{"rendered":"http:\/\/medicals.benin-digital.com\/?page_id=4938"},"modified":"2025-04-28T17:53:29","modified_gmt":"2025-04-28T15:53:29","slug":"la-cardiologie-3","status":"publish","type":"page","link":"https:\/\/medicals.benin-digital.com\/index.php\/la-cardiologie-3\/","title":{"rendered":"La Cardiologie"},"content":{"rendered":"\t\t<div data-elementor-type=\"wp-page\" data-elementor-id=\"4938\" class=\"elementor elementor-4938\">\n\t\t\t\t\t\t<section class=\"elementor-section elementor-top-section elementor-element elementor-element-c1db319 elementor-section-stretched elementor-section-boxed elementor-section-height-default elementor-section-height-default\" data-id=\"c1db319\" data-element_type=\"section\" data-e-type=\"section\" data-settings=\"{&quot;stretch_section&quot;:&quot;section-stretched&quot;}\">\n\t\t\t\t\t\t<div class=\"elementor-container elementor-column-gap-default\">\n\t\t\t\t\t<div class=\"elementor-column elementor-col-100 elementor-top-column elementor-element elementor-element-36e55bb\" data-id=\"36e55bb\" data-element_type=\"column\" data-e-type=\"column\">\n\t\t\t<div class=\"elementor-widget-wrap elementor-element-populated\">\n\t\t\t\t\t\t<div class=\"elementor-element elementor-element-80c5126 elementor-widget elementor-widget-image\" data-id=\"80c5126\" data-element_type=\"widget\" data-e-type=\"widget\" data-widget_type=\"image.default\">\n\t\t\t\t<div class=\"elementor-widget-container\">\n\t\t\t\t\t\t\t\t\t\t\t\t\t\t\t<img fetchpriority=\"high\" decoding=\"async\" width=\"1024\" height=\"682\" src=\"https:\/\/medicals.benin-digital.com\/wp-content\/uploads\/2025\/04\/image-coeur-1024x682.jpg\" class=\"attachment-large size-large wp-image-5649\" alt=\"\" srcset=\"https:\/\/medicals.benin-digital.com\/wp-content\/uploads\/2025\/04\/image-coeur-1024x682.jpg 1024w, https:\/\/medicals.benin-digital.com\/wp-content\/uploads\/2025\/04\/image-coeur-300x200.jpg 300w, https:\/\/medicals.benin-digital.com\/wp-content\/uploads\/2025\/04\/image-coeur-768x512.jpg 768w, https:\/\/medicals.benin-digital.com\/wp-content\/uploads\/2025\/04\/image-coeur-1536x1024.jpg 1536w, https:\/\/medicals.benin-digital.com\/wp-content\/uploads\/2025\/04\/image-coeur-600x400.jpg 600w\" sizes=\"(max-width: 1024px) 100vw, 1024px\" \/>\t\t\t\t\t\t\t\t\t\t\t\t\t\t\t<\/div>\n\t\t\t\t<\/div>\n\t\t\t\t\t<\/div>\n\t\t<\/div>\n\t\t\t\t\t<\/div>\n\t\t<\/section>\n\t\t\t\t<section class=\"elementor-section elementor-top-section elementor-element elementor-element-e074e16 elementor-section-stretched elementor-section-boxed elementor-section-height-default elementor-section-height-default\" data-id=\"e074e16\" data-element_type=\"section\" data-e-type=\"section\" data-settings=\"{&quot;stretch_section&quot;:&quot;section-stretched&quot;}\">\n\t\t\t\t\t\t<div class=\"elementor-container elementor-column-gap-default\">\n\t\t\t\t\t<div class=\"elementor-column elementor-col-100 elementor-top-column elementor-element elementor-element-7e1728d\" data-id=\"7e1728d\" data-element_type=\"column\" data-e-type=\"column\">\n\t\t\t<div class=\"elementor-widget-wrap elementor-element-populated\">\n\t\t\t\t\t\t<section class=\"elementor-section elementor-inner-section elementor-element elementor-element-31a28e5 elementor-section-boxed elementor-section-height-default elementor-section-height-default\" data-id=\"31a28e5\" data-element_type=\"section\" data-e-type=\"section\">\n\t\t\t\t\t\t<div class=\"elementor-container elementor-column-gap-default\">\n\t\t\t\t\t<div class=\"elementor-column elementor-col-33 elementor-inner-column elementor-element elementor-element-9f2d373\" data-id=\"9f2d373\" data-element_type=\"column\" data-e-type=\"column\">\n\t\t\t<div class=\"elementor-widget-wrap elementor-element-populated\">\n\t\t\t\t\t\t<div class=\"elementor-element elementor-element-948f2c1 elementor-widget elementor-widget-text-editor\" data-id=\"948f2c1\" data-element_type=\"widget\" data-e-type=\"widget\" data-widget_type=\"text-editor.default\">\n\t\t\t\t<div class=\"elementor-widget-container\">\n\t\t\t\t\t\t\t\t\t<h4>enqu\u00eates<\/h4><p>_____________________________________________________<\/p><p><span style=\"color: #000000;\">BRONCHOSCOPIE\u00a0 \u00a0 \u00a0 \u00a0 \u00a0 \u00a0 \u00a0 \u00a0 \u00a0A partir de 25000 FCFA<br \/><\/span><\/p><p>_____________________________________________________<\/p><p><span style=\"color: #000000;\">SCAN PARATHYRO\u00cfDE\u00a0 \u00a0 \u00a0 \u00a0 \u00a0 \u00a0A partir de\u00a0 5000 FCFA<br \/><\/span><\/p><p>_____________________________________________________<\/p><p><span style=\"color: #000000;\">ORTH\u00c8SES\u00a0 \u00a0 \u00a0 \u00a0 \u00a0 \u00a0 \u00a0 \u00a0 \u00a0 \u00a0 \u00a0 \u00a0 \u00a0 \u00a0 \u00a0 \u00a0 A partir de 1770 FCFA<br \/><\/span><\/p><p>_____________________________________________________<\/p><p><span style=\"color: #000000;\">IMAGE COMPL\u00c8TE\u00a0 \u00a0 \u00a0 \u00a0 \u00a0 \u00a0 \u00a0 \u00a0 \u00a0 A Partir de 1000 FCFA<br \/><\/span><\/p><p><span style=\"color: #000000; background-color: #ffffff;\">DU SANG<\/span><\/p><p>_____________________________________________________<\/p><p><span style=\"color: #000000;\">TEST\u00a0 CT\u00a0 \u00a0 \u00a0 \u00a0 \u00a0 \u00a0 \u00a0 \u00a0 \u00a0 \u00a0 \u00a0 \u00a0 \u00a0 \u00a0 \u00a0 \u00a0 \u00a0 \u00a0A partir\u00a0 de 8000 FCFA<br \/><\/span><\/p>\t\t\t\t\t\t\t\t<\/div>\n\t\t\t\t<\/div>\n\t\t\t\t\t<\/div>\n\t\t<\/div>\n\t\t\t\t<div class=\"elementor-column elementor-col-33 elementor-inner-column elementor-element elementor-element-323d93d\" data-id=\"323d93d\" data-element_type=\"column\" data-e-type=\"column\">\n\t\t\t<div class=\"elementor-widget-wrap elementor-element-populated\">\n\t\t\t\t\t\t<div class=\"elementor-element elementor-element-08fb46f elementor-widget elementor-widget-text-editor\" data-id=\"08fb46f\" data-element_type=\"widget\" data-e-type=\"widget\" data-widget_type=\"text-editor.default\">\n\t\t\t\t<div class=\"elementor-widget-container\">\n\t\t\t\t\t\t\t\t\t<h4>&nbsp;Traitements<\/h4>\n<p>_____________________________________________________<\/p>\n<p><span style=\"color: #000000;\">BRONCHOSCOPIE&nbsp; &nbsp; &nbsp; &nbsp; &nbsp; &nbsp; &nbsp; A partir&nbsp;&nbsp; de&nbsp; 40000 FCFA<br><\/span><\/p>\n<p>_____________________________________________________<\/p>\n<p><span style=\"color: #000000;\">SCAN&nbsp; PARATHYRO\u00cfDE&nbsp; &nbsp; &nbsp; A partir &nbsp; de&nbsp; 25000 FCFA<br><\/span><\/p>\n<p>_____________________________________________________<\/p>\n<p><span style=\"color: #000000;\">ORTHES&nbsp; &nbsp; &nbsp; &nbsp; &nbsp; &nbsp; &nbsp; &nbsp; &nbsp; &nbsp; &nbsp; &nbsp; &nbsp; &nbsp; &nbsp; &nbsp; &nbsp; A partir&nbsp; de&nbsp; 2500 FCFA<br><\/span><\/p>\n<p>_____________________________________________________<\/p>\n<p><span style=\"color: #000000;\">IMAGE COMPL\u00c8TE&nbsp; &nbsp; &nbsp; &nbsp; &nbsp; &nbsp; &nbsp; &nbsp; A partir de&nbsp; 86000 FCFA&nbsp; DU SANG&nbsp; &nbsp; &nbsp;&nbsp;<\/span><\/p>\n<p>_____________________________________________________<\/p>\n<p><span style=\"color: #000000;\">TEST&nbsp; CT&nbsp; &nbsp; &nbsp; &nbsp; &nbsp; &nbsp; &nbsp; &nbsp; &nbsp; &nbsp; &nbsp; &nbsp; &nbsp; &nbsp; &nbsp; &nbsp; &nbsp; A partir de 69000 FCF<\/span><\/p>\t\t\t\t\t\t\t\t<\/div>\n\t\t\t\t<\/div>\n\t\t\t\t\t<\/div>\n\t\t<\/div>\n\t\t\t\t<div class=\"elementor-column elementor-col-33 elementor-inner-column elementor-element elementor-element-42f6ae0\" data-id=\"42f6ae0\" data-element_type=\"column\" data-e-type=\"column\">\n\t\t\t<div class=\"elementor-widget-wrap elementor-element-populated\">\n\t\t\t\t\t\t<div class=\"elementor-element elementor-element-6967201 elementor-widget elementor-widget-wp-widget-mkd_booking_form_widget\" data-id=\"6967201\" data-element_type=\"widget\" data-e-type=\"widget\" data-widget_type=\"wp-widget-mkd_booking_form_widget.default\">\n\t\t\t\t<div class=\"elementor-widget-container\">\n\t\t\t\t\t<div class=\"mkd-booking-form mkd-bf-layout-vertical dark \" data-depts-doctors=\"{&quot;Cardiology&quot;:[&quot;Dr John Burns&quot;,&quot;Dr Patricia Burton&quot;],&quot;Endocrinology&quot;:[&quot;Dr Jessica Blake&quot;,&quot;Dr Megan Wallace&quot;],&quot;General Surgery&quot;:[&quot;Dr Evan Taller&quot;,&quot;Dr Jamie Brannon&quot;,&quot;Dr Laurice Pace&quot;],&quot;Microbiology&quot;:[&quot;Dr Christine Foster&quot;,&quot;Dr Hugo Mauer&quot;],&quot;Neurology&quot;:[&quot;Dr Catherine Castillo&quot;,&quot;Dr Donald Cox&quot;],&quot;Primary Health Care&quot;:[&quot;Dr Alexander Burns&quot;,&quot;Dr Michael Lewis&quot;]}\">\n\n\t\n\t<div class=\"mkd-booking-form-inner \">\n\n\t\t\n\t\t\t\t<div class=\"mkd-bf-title\"><h2>Nous sommes l\u00e0 pour vous<\/h2><\/div>\n\t\t\n\t\t<div class=\"mkd-bf-form-fields mkd-bf-columns-1\">\n\t\t\t<form method=\"POST\">\n\n\t\t\t\t<div class=\"mkd-bf-form-item mkd-bf-narrow\">\n\t\t\t\t\t<select class=\"mkd-bf-select-field mkd-bf-select-department\" name=\"mkd-booking-department\">\n\t\t\t\t\t\t<option value=\"\">Select Department<\/option>\n\t\t\t\t\t\t\t\t\t\t\t\t<option value=\"Cardiology\">Cardiology<\/option>\n\t\t\t\t\t\t\t\t\t\t\t\t<option value=\"Endocrinology\">Endocrinology<\/option>\n\t\t\t\t\t\t\t\t\t\t\t\t<option value=\"General Surgery\">General Surgery<\/option>\n\t\t\t\t\t\t\t\t\t\t\t\t<option value=\"Microbiology\">Microbiology<\/option>\n\t\t\t\t\t\t\t\t\t\t\t\t<option value=\"Neurology\">Neurology<\/option>\n\t\t\t\t\t\t\t\t\t\t\t\t<option value=\"Primary Health Care\">Primary Health Care<\/option>\n\t\t\t\t\t\t\t\t\t\t\t<\/select>\n\t\t\t\t<\/div>\n\n\t\t\t\t<div class=\"mkd-bf-form-item mkd-bf-narrow\">\n\t\t\t\t\t<select class=\"mkd-bf-select-field mkd-bf-select-doctor\" name=\"mkd-booking-doctor\">\n\t\t\t\t\t\t<option value=\"\">Select Doctor<\/option>\n\t\t\t\t\t<\/select>\n\t\t\t\t<\/div>\n\n                <div class=\"mkd-bf-form-item mkd-bf-name mkd-bf-narrow\">\n                    <input type=\"text\" class=\"mkd-bf-input-name\" name=\"mkd-booking-name\" placeholder=\"Your Full Name\">\n                <\/div>\n\n                <div class=\"mkd-bf-form-item mkd-bf-contact mkd-bf-narrow\">\n                    <input type=\"text\" class=\"mkd-bf-input-contact\" name=\"mkd-booking-contact\" placeholder=\"Phone\">\n                <\/div>\n\n\t\t\t\t<div class=\"mkd-bf-form-item mkd-date mkd-bf-narrow\">\n\t\t\t\t\t<input type=\"text\" class=\"mkd-bf-input-date\" name=\"mkd-booking-date\" placeholder=\"Date\">\n\t\t\t\t\t<div class=\"mkd-bf-field-icon-holder\"><\/div>\n\t\t\t\t<\/div>\n\n\t\t\t\t<div class=\"mkd-bf-form-item mkd-time mkd-bf-narrow\">\n\t\t\t\t\t<input type=\"text\" class=\"mkd-bf-input-time\" name=\"mkd-booking-time\" placeholder=\"Time\">\n\t\t\t\t\t<div class=\"mkd-bf-field-icon-holder\"><\/div>\n\t\t\t\t<\/div>\n\n\t\t\t\t\n\t\t\t\t<span class=\"nonce\"><input type=\"hidden\" id=\"mkd_nonce_booking_form_685249533\" name=\"mkd_nonce_booking_form_685249533\" value=\"7bb55f5f59\" \/><input type=\"hidden\" name=\"_wp_http_referer\" value=\"\/index.php\/wp-json\/wp\/v2\/pages\/4938\" \/><\/span>\n\t\t\t\t<script type=\"application\/javascript\">if (typeof MikadoAjaxUrl === \"undefined\") {var MikadoAjaxUrl = \"https:\/\/medicals.benin-digital.com\/wp-admin\/admin-ajax.php\"; }<\/script>\n\t\t\t\t\t\t\t\t<div class=\"mkd-bf-form-response-holder\"><\/div>\n\t\t\t\t\n\t\t\t\t<div class=\"mkd-bf-form-button\">\n\t\t\t\t\t<input type=\"submit\" name=\"mkd-booking-submit\" value=\"Envoyer\"  class=\"mkd-btn mkd-btn-small mkd-btn-white mkd-btn-hover-white\"  data-sending-label=\"Sending...\" \/>\t\t\t\t<\/div>\n\n\t\t\t\t\n\t\t\t<\/form>\n\t\t<\/div>\n\n\t<\/div>\n<\/div>\t\t\t\t<\/div>\n\t\t\t\t<\/div>\n\t\t\t\t\t<\/div>\n\t\t<\/div>\n\t\t\t\t\t<\/div>\n\t\t<\/section>\n\t\t\t\t<section class=\"elementor-section elementor-inner-section elementor-element elementor-element-c1b9048 elementor-section-boxed elementor-section-height-default elementor-section-height-default\" data-id=\"c1b9048\" data-element_type=\"section\" data-e-type=\"section\">\n\t\t\t\t\t\t<div class=\"elementor-container elementor-column-gap-default\">\n\t\t\t\t\t<div class=\"elementor-column elementor-col-100 elementor-inner-column elementor-element elementor-element-7a93445\" data-id=\"7a93445\" data-element_type=\"column\" data-e-type=\"column\">\n\t\t\t<div class=\"elementor-widget-wrap elementor-element-populated\">\n\t\t\t\t\t\t<div class=\"elementor-element elementor-element-97fb86b elementor-widget elementor-widget-text-editor\" data-id=\"97fb86b\" data-element_type=\"widget\" data-e-type=\"widget\" data-widget_type=\"text-editor.default\">\n\t\t\t\t<div class=\"elementor-widget-container\">\n\t\t\t\t\t\t\t\t\t<h4>Rencontrer l&#8217;\u00e9quipe<\/h4><p>\u00c0 Vitalife Cabinet, notre service de cardiologie est compos\u00e9 de m\u00e9decins sp\u00e9cialistes engag\u00e9s \u00e0 offrir des soins de qualit\u00e9. Nos cardiologues sont form\u00e9s pour diagnostiquer, traiter et assurer le suivi des pathologies cardiovasculaires, incluant les maladies cardiaques, les troubles des vaisseaux sanguins et les affections valvulaires. Nous combinons expertise m\u00e9dicale, technologies modernes et approche humaine pour accompagner chaque patient dans la pr\u00e9servation de sa sant\u00e9 cardiaque. Des consultations de pr\u00e9vention aux traitements sp\u00e9cialis\u00e9s, nous vous assurons une prise en charge compl\u00e8te et personnalis\u00e9e.<\/p>\t\t\t\t\t\t\t\t<\/div>\n\t\t\t\t<\/div>\n\t\t\t\t\t<\/div>\n\t\t<\/div>\n\t\t\t\t\t<\/div>\n\t\t<\/section>\n\t\t\t\t<section class=\"elementor-section elementor-inner-section elementor-element elementor-element-7793ec8 elementor-section-boxed elementor-section-height-default elementor-section-height-default\" data-id=\"7793ec8\" data-element_type=\"section\" data-e-type=\"section\">\n\t\t\t\t\t\t<div class=\"elementor-container elementor-column-gap-default\">\n\t\t\t\t\t<div class=\"elementor-column elementor-col-33 elementor-inner-column elementor-element elementor-element-b8c672f\" data-id=\"b8c672f\" data-element_type=\"column\" data-e-type=\"column\">\n\t\t\t<div class=\"elementor-widget-wrap elementor-element-populated\">\n\t\t\t\t\t\t<div class=\"elementor-element elementor-element-83fb60e elementor-position-top elementor-widget elementor-widget-image-box\" data-id=\"83fb60e\" data-element_type=\"widget\" data-e-type=\"widget\" data-widget_type=\"image-box.default\">\n\t\t\t\t<div class=\"elementor-widget-container\">\n\t\t\t\t\t<div class=\"elementor-image-box-wrapper\"><figure class=\"elementor-image-box-img\"><img decoding=\"async\" width=\"550\" height=\"408\" src=\"https:\/\/medicals.benin-digital.com\/wp-content\/uploads\/2022\/06\/gettyimages-1322286668-612x612-1-550x408.jpg\" class=\"attachment-medigroup_mikado_square size-medigroup_mikado_square wp-image-5338\" alt=\"\" \/><\/figure><div class=\"elementor-image-box-content\"><h4 class=\"elementor-image-box-title\">Anna Sawadogo<\/h4><p class=\"elementor-image-box-description\">Cardiologue<\/p><\/div><\/div>\t\t\t\t<\/div>\n\t\t\t\t<\/div>\n\t\t\t\t<div class=\"elementor-element elementor-element-605af81 elementor-button-info elementor-align-center elementor-widget elementor-widget-button\" data-id=\"605af81\" data-element_type=\"widget\" data-e-type=\"widget\" data-widget_type=\"button.default\">\n\t\t\t\t<div class=\"elementor-widget-container\">\n\t\t\t\t\t\t\t\t\t<div class=\"elementor-button-wrapper\">\n\t\t\t\t\t<a class=\"elementor-button elementor-button-link elementor-size-sm elementor-animation-pulse\" href=\"#\">\n\t\t\t\t\t\t<span class=\"elementor-button-content-wrapper\">\n\t\t\t\t\t\t\t\t\t<span class=\"elementor-button-text\">Prendre RDV<\/span>\n\t\t\t\t\t<\/span>\n\t\t\t\t\t<\/a>\n\t\t\t\t<\/div>\n\t\t\t\t\t\t\t\t<\/div>\n\t\t\t\t<\/div>\n\t\t\t\t\t<\/div>\n\t\t<\/div>\n\t\t\t\t<div class=\"elementor-column elementor-col-33 elementor-inner-column elementor-element elementor-element-63b1453\" data-id=\"63b1453\" data-element_type=\"column\" data-e-type=\"column\">\n\t\t\t<div class=\"elementor-widget-wrap elementor-element-populated\">\n\t\t\t\t\t\t<div class=\"elementor-element elementor-element-1ee5d9c elementor-position-top elementor-widget elementor-widget-image-box\" data-id=\"1ee5d9c\" data-element_type=\"widget\" data-e-type=\"widget\" data-widget_type=\"image-box.default\">\n\t\t\t\t<div class=\"elementor-widget-container\">\n\t\t\t\t\t<div class=\"elementor-image-box-wrapper\"><figure class=\"elementor-image-box-img\"><img decoding=\"async\" width=\"550\" height=\"412\" src=\"https:\/\/medicals.benin-digital.com\/wp-content\/uploads\/2022\/06\/gettyimages-642394395-612x612-1-550x412.jpg\" class=\"attachment-medigroup_mikado_square size-medigroup_mikado_square wp-image-5407\" alt=\"\" \/><\/figure><div class=\"elementor-image-box-content\"><h4 class=\"elementor-image-box-title\">ELIE Dossou<\/h4><p class=\"elementor-image-box-description\">Cardiologue<\/p><\/div><\/div>\t\t\t\t<\/div>\n\t\t\t\t<\/div>\n\t\t\t\t<div class=\"elementor-element elementor-element-5f16325 elementor-button-info elementor-align-center elementor-widget elementor-widget-button\" data-id=\"5f16325\" data-element_type=\"widget\" data-e-type=\"widget\" data-widget_type=\"button.default\">\n\t\t\t\t<div class=\"elementor-widget-container\">\n\t\t\t\t\t\t\t\t\t<div class=\"elementor-button-wrapper\">\n\t\t\t\t\t<a class=\"elementor-button elementor-button-link elementor-size-sm elementor-animation-pulse\" href=\"#\">\n\t\t\t\t\t\t<span class=\"elementor-button-content-wrapper\">\n\t\t\t\t\t\t\t\t\t<span class=\"elementor-button-text\">Prendre RDV<\/span>\n\t\t\t\t\t<\/span>\n\t\t\t\t\t<\/a>\n\t\t\t\t<\/div>\n\t\t\t\t\t\t\t\t<\/div>\n\t\t\t\t<\/div>\n\t\t\t\t\t<\/div>\n\t\t<\/div>\n\t\t\t\t<div class=\"elementor-column elementor-col-33 elementor-inner-column elementor-element elementor-element-0d3be54\" data-id=\"0d3be54\" data-element_type=\"column\" data-e-type=\"column\">\n\t\t\t<div class=\"elementor-widget-wrap elementor-element-populated\">\n\t\t\t\t\t\t<div class=\"elementor-element elementor-element-6a84a3c elementor-position-top elementor-widget elementor-widget-image-box\" data-id=\"6a84a3c\" data-element_type=\"widget\" data-e-type=\"widget\" data-widget_type=\"image-box.default\">\n\t\t\t\t<div class=\"elementor-widget-container\">\n\t\t\t\t\t<div class=\"elementor-image-box-wrapper\"><figure class=\"elementor-image-box-img\"><img loading=\"lazy\" decoding=\"async\" width=\"612\" height=\"459\" src=\"https:\/\/medicals.benin-digital.com\/wp-content\/uploads\/2022\/06\/gettyimages-166129257-612x612-1.jpg\" class=\"attachment-full size-full wp-image-5410\" alt=\"\" srcset=\"https:\/\/medicals.benin-digital.com\/wp-content\/uploads\/2022\/06\/gettyimages-166129257-612x612-1.jpg 612w, https:\/\/medicals.benin-digital.com\/wp-content\/uploads\/2022\/06\/gettyimages-166129257-612x612-1-300x225.jpg 300w, https:\/\/medicals.benin-digital.com\/wp-content\/uploads\/2022\/06\/gettyimages-166129257-612x612-1-600x450.jpg 600w\" sizes=\"(max-width: 612px) 100vw, 612px\" \/><\/figure><div class=\"elementor-image-box-content\"><h4 class=\"elementor-image-box-title\">Yasminath Eboue<\/h4><p class=\"elementor-image-box-description\">Cardiologue<\/p><\/div><\/div>\t\t\t\t<\/div>\n\t\t\t\t<\/div>\n\t\t\t\t<div class=\"elementor-element elementor-element-3251a0c elementor-button-info elementor-align-center elementor-widget elementor-widget-button\" data-id=\"3251a0c\" data-element_type=\"widget\" data-e-type=\"widget\" data-widget_type=\"button.default\">\n\t\t\t\t<div class=\"elementor-widget-container\">\n\t\t\t\t\t\t\t\t\t<div class=\"elementor-button-wrapper\">\n\t\t\t\t\t<a class=\"elementor-button elementor-button-link elementor-size-sm elementor-animation-pulse\" href=\"#\">\n\t\t\t\t\t\t<span class=\"elementor-button-content-wrapper\">\n\t\t\t\t\t\t\t\t\t<span class=\"elementor-button-text\">Prendre RDV<\/span>\n\t\t\t\t\t<\/span>\n\t\t\t\t\t<\/a>\n\t\t\t\t<\/div>\n\t\t\t\t\t\t\t\t<\/div>\n\t\t\t\t<\/div>\n\t\t\t\t\t<\/div>\n\t\t<\/div>\n\t\t\t\t\t<\/div>\n\t\t<\/section>\n\t\t\t\t\t<\/div>\n\t\t<\/div>\n\t\t\t\t\t<\/div>\n\t\t<\/section>\n\t\t\t\t<\/div>\n\t\t","protected":false},"excerpt":{"rendered":"<p>enqu\u00eates _____________________________________________________ BRONCHOSCOPIE\u00a0 \u00a0 \u00a0 \u00a0 \u00a0 \u00a0 \u00a0 \u00a0 \u00a0A partir de 25000 FCFA _____________________________________________________ SCAN PARATHYRO\u00cfDE\u00a0 \u00a0 \u00a0 \u00a0 \u00a0 \u00a0A partir de\u00a0 5000 FCFA _____________________________________________________ ORTH\u00c8SES\u00a0 \u00a0 \u00a0 \u00a0 \u00a0 \u00a0 \u00a0 \u00a0 \u00a0 \u00a0 \u00a0 \u00a0 \u00a0 \u00a0 \u00a0 \u00a0 A&#8230;<\/p>\n","protected":false},"author":1,"featured_media":0,"parent":0,"menu_order":0,"comment_status":"closed","ping_status":"closed","template":"","meta":{"footnotes":""},"class_list":["post-4938","page","type-page","status-publish","hentry"],"_links":{"self":[{"href":"https:\/\/medicals.benin-digital.com\/index.php\/wp-json\/wp\/v2\/pages\/4938","targetHints":{"allow":["GET"]}}],"collection":[{"href":"https:\/\/medicals.benin-digital.com\/index.php\/wp-json\/wp\/v2\/pages"}],"about":[{"href":"https:\/\/medicals.benin-digital.com\/index.php\/wp-json\/wp\/v2\/types\/page"}],"author":[{"embeddable":true,"href":"https:\/\/medicals.benin-digital.com\/index.php\/wp-json\/wp\/v2\/users\/1"}],"replies":[{"embeddable":true,"href":"https:\/\/medicals.benin-digital.com\/index.php\/wp-json\/wp\/v2\/comments?post=4938"}],"version-history":[{"count":46,"href":"https:\/\/medicals.benin-digital.com\/index.php\/wp-json\/wp\/v2\/pages\/4938\/revisions"}],"predecessor-version":[{"id":5808,"href":"https:\/\/medicals.benin-digital.com\/index.php\/wp-json\/wp\/v2\/pages\/4938\/revisions\/5808"}],"wp:attachment":[{"href":"https:\/\/medicals.benin-digital.com\/index.php\/wp-json\/wp\/v2\/media?parent=4938"}],"curies":[{"name":"wp","href":"https:\/\/api.w.org\/{rel}","templated":true}]}}