{"id":4939,"date":"2022-05-25T17:31:51","date_gmt":"2022-05-25T15:31:51","guid":{"rendered":"http:\/\/medicals.benin-digital.com\/?page_id=4939"},"modified":"2025-04-28T18:00:08","modified_gmt":"2025-04-28T16:00:08","slug":"la-dermatologie-2","status":"publish","type":"page","link":"https:\/\/medicals.benin-digital.com\/index.php\/la-dermatologie-2\/","title":{"rendered":"La Dermatologie"},"content":{"rendered":"\t\t<div data-elementor-type=\"wp-page\" data-elementor-id=\"4939\" class=\"elementor elementor-4939\">\n\t\t\t\t\t\t<section class=\"elementor-section elementor-top-section elementor-element elementor-element-4ccc5c0 elementor-section-boxed elementor-section-height-default elementor-section-height-default\" data-id=\"4ccc5c0\" data-element_type=\"section\" data-e-type=\"section\">\n\t\t\t\t\t\t<div class=\"elementor-container elementor-column-gap-default\">\n\t\t\t\t\t<div class=\"elementor-column elementor-col-100 elementor-top-column elementor-element elementor-element-98c6e1a\" data-id=\"98c6e1a\" data-element_type=\"column\" data-e-type=\"column\">\n\t\t\t<div class=\"elementor-widget-wrap elementor-element-populated\">\n\t\t\t\t\t\t<div class=\"elementor-element elementor-element-7ef6e8e elementor-widget elementor-widget-image\" data-id=\"7ef6e8e\" data-element_type=\"widget\" data-e-type=\"widget\" data-widget_type=\"image.default\">\n\t\t\t\t<div class=\"elementor-widget-container\">\n\t\t\t\t\t\t\t\t\t\t\t\t\t\t\t<img fetchpriority=\"high\" decoding=\"async\" width=\"1024\" height=\"682\" src=\"https:\/\/medicals.benin-digital.com\/wp-content\/uploads\/2025\/04\/dermatologie-1024x682.jpg\" class=\"attachment-large size-large wp-image-5727\" alt=\"\" srcset=\"https:\/\/medicals.benin-digital.com\/wp-content\/uploads\/2025\/04\/dermatologie-1024x682.jpg 1024w, https:\/\/medicals.benin-digital.com\/wp-content\/uploads\/2025\/04\/dermatologie-300x200.jpg 300w, https:\/\/medicals.benin-digital.com\/wp-content\/uploads\/2025\/04\/dermatologie-768x512.jpg 768w, https:\/\/medicals.benin-digital.com\/wp-content\/uploads\/2025\/04\/dermatologie-1536x1024.jpg 1536w, https:\/\/medicals.benin-digital.com\/wp-content\/uploads\/2025\/04\/dermatologie-600x400.jpg 600w\" sizes=\"(max-width: 1024px) 100vw, 1024px\" \/>\t\t\t\t\t\t\t\t\t\t\t\t\t\t\t<\/div>\n\t\t\t\t<\/div>\n\t\t\t\t\t<\/div>\n\t\t<\/div>\n\t\t\t\t\t<\/div>\n\t\t<\/section>\n\t\t\t\t<section class=\"elementor-section elementor-top-section elementor-element elementor-element-04a39b9 elementor-section-boxed elementor-section-height-default elementor-section-height-default\" data-id=\"04a39b9\" data-element_type=\"section\" data-e-type=\"section\">\n\t\t\t\t\t\t<div class=\"elementor-container elementor-column-gap-default\">\n\t\t\t\t\t<div class=\"elementor-column elementor-col-100 elementor-top-column elementor-element elementor-element-3ed3ad4\" data-id=\"3ed3ad4\" data-element_type=\"column\" data-e-type=\"column\">\n\t\t\t<div class=\"elementor-widget-wrap elementor-element-populated\">\n\t\t\t\t\t\t<div class=\"elementor-element elementor-element-ba3b554 elementor-widget elementor-widget-spacer\" data-id=\"ba3b554\" data-element_type=\"widget\" data-e-type=\"widget\" data-widget_type=\"spacer.default\">\n\t\t\t\t<div class=\"elementor-widget-container\">\n\t\t\t\t\t\t\t<div class=\"elementor-spacer\">\n\t\t\t<div class=\"elementor-spacer-inner\"><\/div>\n\t\t<\/div>\n\t\t\t\t\t\t<\/div>\n\t\t\t\t<\/div>\n\t\t\t\t\t<\/div>\n\t\t<\/div>\n\t\t\t\t\t<\/div>\n\t\t<\/section>\n\t\t\t\t<section class=\"elementor-section elementor-top-section elementor-element elementor-element-0f499dd elementor-section-boxed elementor-section-height-default elementor-section-height-default\" data-id=\"0f499dd\" data-element_type=\"section\" data-e-type=\"section\">\n\t\t\t\t\t\t<div class=\"elementor-container elementor-column-gap-default\">\n\t\t\t\t\t<div class=\"elementor-column elementor-col-50 elementor-top-column elementor-element elementor-element-6bfab34\" data-id=\"6bfab34\" data-element_type=\"column\" data-e-type=\"column\">\n\t\t\t<div class=\"elementor-widget-wrap elementor-element-populated\">\n\t\t\t\t\t\t<div class=\"elementor-element elementor-element-120592d elementor-widget elementor-widget-text-editor\" data-id=\"120592d\" data-element_type=\"widget\" data-e-type=\"widget\" data-widget_type=\"text-editor.default\">\n\t\t\t\t<div class=\"elementor-widget-container\">\n\t\t\t\t\t\t\t\t\t<h3 style=\"text-align: center;\"><span style=\"color: #003300;\">C&#8217;est quoi la dermatologie ?\u00a0<\/span><\/h3><p><span style=\"color: #000000;\">La dermatologie est la sp\u00e9cialit\u00e9 m\u00e9dicale qui s\u2019occupe de la peau, des cheveux, des ongles et des muqueuses. Elle englobe le diagnostic, le traitement et la pr\u00e9vention des maladies dermatologiques, telles que l\u2019ecz\u00e9ma, l\u2019acn\u00e9, le psoriasis, les infections cutan\u00e9es, les allergies, ou encore les cancers de la peau. Le dermatologue peut \u00e9galement r\u00e9aliser des actes esth\u00e9tiques ou chirurgicaux, comme le retrait de l\u00e9sions ou le traitement des cicatrices. Gr\u00e2ce \u00e0 une expertise cibl\u00e9e, cette sp\u00e9cialit\u00e9 joue un r\u00f4le essentiel dans la sant\u00e9 et le bien-\u00eatre cutan\u00e9, \u00e0 tous les \u00e2ges de la vie.<\/span><\/p>\t\t\t\t\t\t\t\t<\/div>\n\t\t\t\t<\/div>\n\t\t\t\t<div class=\"elementor-element elementor-element-4744f02 elementor-button-info elementor-align-center elementor-widget elementor-widget-button\" data-id=\"4744f02\" data-element_type=\"widget\" data-e-type=\"widget\" data-widget_type=\"button.default\">\n\t\t\t\t<div class=\"elementor-widget-container\">\n\t\t\t\t\t\t\t\t\t<div class=\"elementor-button-wrapper\">\n\t\t\t\t\t<a class=\"elementor-button elementor-button-link elementor-size-sm\" href=\"#\">\n\t\t\t\t\t\t<span class=\"elementor-button-content-wrapper\">\n\t\t\t\t\t\t\t\t\t<span class=\"elementor-button-text\">En savoir plus<\/span>\n\t\t\t\t\t<\/span>\n\t\t\t\t\t<\/a>\n\t\t\t\t<\/div>\n\t\t\t\t\t\t\t\t<\/div>\n\t\t\t\t<\/div>\n\t\t\t\t\t<\/div>\n\t\t<\/div>\n\t\t\t\t<div class=\"elementor-column elementor-col-50 elementor-top-column elementor-element elementor-element-07a3221\" data-id=\"07a3221\" data-element_type=\"column\" data-e-type=\"column\">\n\t\t\t<div class=\"elementor-widget-wrap elementor-element-populated\">\n\t\t\t\t\t\t<div class=\"elementor-element elementor-element-7547385 elementor-widget elementor-widget-image\" data-id=\"7547385\" data-element_type=\"widget\" data-e-type=\"widget\" data-widget_type=\"image.default\">\n\t\t\t\t<div class=\"elementor-widget-container\">\n\t\t\t\t\t\t\t\t\t\t\t\t\t\t\t<img decoding=\"async\" width=\"800\" height=\"600\" src=\"https:\/\/medicals.benin-digital.com\/wp-content\/uploads\/2016\/06\/h5-port-img-1-800x600.jpg\" class=\"attachment-medigroup_mikado_landscape size-medigroup_mikado_landscape wp-image-866\" alt=\"a\" \/>\t\t\t\t\t\t\t\t\t\t\t\t\t\t\t<\/div>\n\t\t\t\t<\/div>\n\t\t\t\t\t<\/div>\n\t\t<\/div>\n\t\t\t\t\t<\/div>\n\t\t<\/section>\n\t\t\t\t<section class=\"elementor-section elementor-top-section elementor-element elementor-element-3efb664 elementor-section-boxed elementor-section-height-default elementor-section-height-default\" data-id=\"3efb664\" data-element_type=\"section\" data-e-type=\"section\">\n\t\t\t\t\t\t<div class=\"elementor-container elementor-column-gap-default\">\n\t\t\t\t\t<div class=\"elementor-column elementor-col-100 elementor-top-column elementor-element elementor-element-6777df8\" data-id=\"6777df8\" data-element_type=\"column\" data-e-type=\"column\">\n\t\t\t<div class=\"elementor-widget-wrap elementor-element-populated\">\n\t\t\t\t\t\t<div class=\"elementor-element elementor-element-aa12ed4 elementor-widget elementor-widget-spacer\" data-id=\"aa12ed4\" data-element_type=\"widget\" data-e-type=\"widget\" data-widget_type=\"spacer.default\">\n\t\t\t\t<div class=\"elementor-widget-container\">\n\t\t\t\t\t\t\t<div class=\"elementor-spacer\">\n\t\t\t<div class=\"elementor-spacer-inner\"><\/div>\n\t\t<\/div>\n\t\t\t\t\t\t<\/div>\n\t\t\t\t<\/div>\n\t\t\t\t\t<\/div>\n\t\t<\/div>\n\t\t\t\t\t<\/div>\n\t\t<\/section>\n\t\t\t\t<section class=\"elementor-section elementor-top-section elementor-element elementor-element-c9b1ceb elementor-section-stretched elementor-section-boxed elementor-section-height-default elementor-section-height-default\" data-id=\"c9b1ceb\" data-element_type=\"section\" data-e-type=\"section\" data-settings=\"{&quot;stretch_section&quot;:&quot;section-stretched&quot;}\">\n\t\t\t\t\t\t<div class=\"elementor-container elementor-column-gap-default\">\n\t\t\t\t\t<div class=\"elementor-column elementor-col-100 elementor-top-column elementor-element elementor-element-966a554\" data-id=\"966a554\" data-element_type=\"column\" data-e-type=\"column\">\n\t\t\t<div class=\"elementor-widget-wrap elementor-element-populated\">\n\t\t\t\t\t\t<div class=\"elementor-element elementor-element-916f06c elementor-widget elementor-widget-text-editor\" data-id=\"916f06c\" data-element_type=\"widget\" data-e-type=\"widget\" data-widget_type=\"text-editor.default\">\n\t\t\t\t<div class=\"elementor-widget-container\">\n\t\t\t\t\t\t\t\t\t<h3 style=\"text-align: center;\"><span style=\"color: #000000;\">Notre dermatologue \u00e0 vitalife<\/span><\/h3><div class=\"mp-row-fluid motopress-row mpce-dsbl-margin-left mpce-dsbl-margin-right motopress-margin-top-20\"><div class=\"motopress-clmn mp-span12 mpce-dsbl-margin-left mpce-dsbl-margin-right\"><div class=\"motopress-text-obj\"><p><span style=\"color: #000000;\">Notre dermatologue est \u00e0 votre service pour traiter et pr\u00e9venir les pathologies cutan\u00e9es.<\/span><\/p><p><span style=\"color: #000000;\">Il assure la prise en charge et le suivi des maladies infectieuses, inflammatoires, allergiques et oncologiques de la peau, ainsi que le d\u00e9pistage du m\u00e9lanome et des autres cancers cutan\u00e9s gr\u00e2ce aux plus modernes techniques de diagnostic non invasif.<\/span><\/p><p><span style=\"color: #000000;\">Il propose aussi des traitements esth\u00e9tiques qui incluent les produits de comblement, la toxine botulinique, les peelings, et le laser.<\/span><\/p><p><span style=\"color: #000000;\">Notre \u00e9quipe de dermatologie travaille en \u00e9troite collaboration avec les chirurgiens plasticiens et les autres m\u00e9decins du Centre, pour vous proposer<\/span> <span style=\"color: #000000;\">un service optimal.<\/span><\/p><\/div><\/div><\/div>\t\t\t\t\t\t\t\t<\/div>\n\t\t\t\t<\/div>\n\t\t\t\t<section class=\"elementor-section elementor-inner-section elementor-element elementor-element-e3509c2 elementor-section-boxed elementor-section-height-default elementor-section-height-default\" data-id=\"e3509c2\" data-element_type=\"section\" data-e-type=\"section\">\n\t\t\t\t\t\t<div class=\"elementor-container elementor-column-gap-default\">\n\t\t\t\t\t<div class=\"elementor-column elementor-col-50 elementor-inner-column elementor-element elementor-element-a39aa70\" data-id=\"a39aa70\" data-element_type=\"column\" data-e-type=\"column\">\n\t\t\t<div class=\"elementor-widget-wrap elementor-element-populated\">\n\t\t\t\t\t\t<div class=\"elementor-element elementor-element-c2511fd elementor-position-top elementor-widget elementor-widget-image-box\" data-id=\"c2511fd\" data-element_type=\"widget\" data-e-type=\"widget\" data-widget_type=\"image-box.default\">\n\t\t\t\t<div class=\"elementor-widget-container\">\n\t\t\t\t\t<div class=\"elementor-image-box-wrapper\"><figure class=\"elementor-image-box-img\"><img decoding=\"async\" width=\"612\" height=\"408\" src=\"https:\/\/medicals.benin-digital.com\/wp-content\/uploads\/2022\/06\/gettyimages-1330481787-612x612-1.jpg\" class=\"attachment-full size-full wp-image-5490\" alt=\"\" srcset=\"https:\/\/medicals.benin-digital.com\/wp-content\/uploads\/2022\/06\/gettyimages-1330481787-612x612-1.jpg 612w, https:\/\/medicals.benin-digital.com\/wp-content\/uploads\/2022\/06\/gettyimages-1330481787-612x612-1-300x200.jpg 300w, https:\/\/medicals.benin-digital.com\/wp-content\/uploads\/2022\/06\/gettyimages-1330481787-612x612-1-600x400.jpg 600w\" sizes=\"(max-width: 612px) 100vw, 612px\" \/><\/figure><div class=\"elementor-image-box-content\"><h5 class=\"elementor-image-box-title\">ASSANE<\/h5><p class=\"elementor-image-box-description\">________<\/p><\/div><\/div>\t\t\t\t<\/div>\n\t\t\t\t<\/div>\n\t\t\t\t<div class=\"elementor-element elementor-element-f293217 elementor-button-info elementor-align-center elementor-widget elementor-widget-button\" data-id=\"f293217\" data-element_type=\"widget\" data-e-type=\"widget\" data-widget_type=\"button.default\">\n\t\t\t\t<div class=\"elementor-widget-container\">\n\t\t\t\t\t\t\t\t\t<div class=\"elementor-button-wrapper\">\n\t\t\t\t\t<a class=\"elementor-button elementor-button-link elementor-size-sm elementor-animation-pulse\" href=\"#\">\n\t\t\t\t\t\t<span class=\"elementor-button-content-wrapper\">\n\t\t\t\t\t\t\t\t\t<span class=\"elementor-button-text\">Prendre rendez-vous<\/span>\n\t\t\t\t\t<\/span>\n\t\t\t\t\t<\/a>\n\t\t\t\t<\/div>\n\t\t\t\t\t\t\t\t<\/div>\n\t\t\t\t<\/div>\n\t\t\t\t\t<\/div>\n\t\t<\/div>\n\t\t\t\t<div class=\"elementor-column elementor-col-50 elementor-inner-column elementor-element elementor-element-b4a37e5\" data-id=\"b4a37e5\" data-element_type=\"column\" data-e-type=\"column\">\n\t\t\t<div class=\"elementor-widget-wrap\">\n\t\t\t\t\t\t\t<\/div>\n\t\t<\/div>\n\t\t\t\t\t<\/div>\n\t\t<\/section>\n\t\t\t\t<section class=\"elementor-section elementor-inner-section elementor-element elementor-element-2e3a0b4 elementor-section-boxed elementor-section-height-default elementor-section-height-default\" data-id=\"2e3a0b4\" data-element_type=\"section\" data-e-type=\"section\">\n\t\t\t\t\t\t<div class=\"elementor-container elementor-column-gap-default\">\n\t\t\t\t\t<div class=\"elementor-column elementor-col-50 elementor-inner-column elementor-element elementor-element-45a15ca\" data-id=\"45a15ca\" data-element_type=\"column\" data-e-type=\"column\">\n\t\t\t<div class=\"elementor-widget-wrap elementor-element-populated\">\n\t\t\t\t\t\t<div class=\"elementor-element elementor-element-1ffc62e elementor-position-top elementor-widget elementor-widget-image-box\" data-id=\"1ffc62e\" data-element_type=\"widget\" data-e-type=\"widget\" data-widget_type=\"image-box.default\">\n\t\t\t\t<div class=\"elementor-widget-container\">\n\t\t\t\t\t<div class=\"elementor-image-box-wrapper\"><figure class=\"elementor-image-box-img\"><img loading=\"lazy\" decoding=\"async\" width=\"512\" height=\"512\" src=\"https:\/\/medicals.benin-digital.com\/wp-content\/uploads\/2022\/06\/localisation-sur-la-carte.png\" class=\"attachment-full size-full wp-image-5487\" alt=\"\" srcset=\"https:\/\/medicals.benin-digital.com\/wp-content\/uploads\/2022\/06\/localisation-sur-la-carte.png 512w, https:\/\/medicals.benin-digital.com\/wp-content\/uploads\/2022\/06\/localisation-sur-la-carte-300x300.png 300w, https:\/\/medicals.benin-digital.com\/wp-content\/uploads\/2022\/06\/localisation-sur-la-carte-150x150.png 150w, https:\/\/medicals.benin-digital.com\/wp-content\/uploads\/2022\/06\/localisation-sur-la-carte-100x100.png 100w\" sizes=\"(max-width: 512px) 100vw, 512px\" \/><\/figure><div class=\"elementor-image-box-content\"><p class=\"elementor-image-box-description\">Montrez-moi la localisation du centre m\u00e9dical<\/p><\/div><\/div>\t\t\t\t<\/div>\n\t\t\t\t<\/div>\n\t\t\t\t\t<\/div>\n\t\t<\/div>\n\t\t\t\t<div class=\"elementor-column elementor-col-50 elementor-inner-column elementor-element elementor-element-8115ed4\" data-id=\"8115ed4\" data-element_type=\"column\" data-e-type=\"column\">\n\t\t\t<div class=\"elementor-widget-wrap elementor-element-populated\">\n\t\t\t\t\t\t<div class=\"elementor-element elementor-element-01ef012 elementor-position-top elementor-widget elementor-widget-image-box\" data-id=\"01ef012\" data-element_type=\"widget\" data-e-type=\"widget\" data-widget_type=\"image-box.default\">\n\t\t\t\t<div class=\"elementor-widget-container\">\n\t\t\t\t\t<div class=\"elementor-image-box-wrapper\"><figure class=\"elementor-image-box-img\"><img loading=\"lazy\" decoding=\"async\" width=\"128\" height=\"128\" src=\"https:\/\/medicals.benin-digital.com\/wp-content\/uploads\/2022\/06\/4234587-removebg-preview.png\" class=\"attachment-full size-full wp-image-5489\" alt=\"\" srcset=\"https:\/\/medicals.benin-digital.com\/wp-content\/uploads\/2022\/06\/4234587-removebg-preview.png 128w, https:\/\/medicals.benin-digital.com\/wp-content\/uploads\/2022\/06\/4234587-removebg-preview-100x100.png 100w\" sizes=\"(max-width: 128px) 100vw, 128px\" \/><\/figure><div class=\"elementor-image-box-content\"><p class=\"elementor-image-box-description\">Je souhaite vous rejoindre par t\u00e9l\u00e9phone<\/p><\/div><\/div>\t\t\t\t<\/div>\n\t\t\t\t<\/div>\n\t\t\t\t\t<\/div>\n\t\t<\/div>\n\t\t\t\t\t<\/div>\n\t\t<\/section>\n\t\t\t\t\t<\/div>\n\t\t<\/div>\n\t\t\t\t\t<\/div>\n\t\t<\/section>\n\t\t\t\t<\/div>\n\t\t","protected":false},"excerpt":{"rendered":"<p>C&#8217;est quoi la dermatologie ?\u00a0 La dermatologie est la sp\u00e9cialit\u00e9 m\u00e9dicale qui s\u2019occupe de la peau, des cheveux, des ongles et des muqueuses. Elle englobe le diagnostic, le traitement et la pr\u00e9vention des maladies dermatologiques, telles que l\u2019ecz\u00e9ma, l\u2019acn\u00e9, le psoriasis, les infections cutan\u00e9es, les&#8230;<\/p>\n","protected":false},"author":1,"featured_media":0,"parent":0,"menu_order":0,"comment_status":"closed","ping_status":"closed","template":"","meta":{"footnotes":""},"class_list":["post-4939","page","type-page","status-publish","hentry"],"_links":{"self":[{"href":"https:\/\/medicals.benin-digital.com\/index.php\/wp-json\/wp\/v2\/pages\/4939","targetHints":{"allow":["GET"]}}],"collection":[{"href":"https:\/\/medicals.benin-digital.com\/index.php\/wp-json\/wp\/v2\/pages"}],"about":[{"href":"https:\/\/medicals.benin-digital.com\/index.php\/wp-json\/wp\/v2\/types\/page"}],"author":[{"embeddable":true,"href":"https:\/\/medicals.benin-digital.com\/index.php\/wp-json\/wp\/v2\/users\/1"}],"replies":[{"embeddable":true,"href":"https:\/\/medicals.benin-digital.com\/index.php\/wp-json\/wp\/v2\/comments?post=4939"}],"version-history":[{"count":11,"href":"https:\/\/medicals.benin-digital.com\/index.php\/wp-json\/wp\/v2\/pages\/4939\/revisions"}],"predecessor-version":[{"id":5820,"href":"https:\/\/medicals.benin-digital.com\/index.php\/wp-json\/wp\/v2\/pages\/4939\/revisions\/5820"}],"wp:attachment":[{"href":"https:\/\/medicals.benin-digital.com\/index.php\/wp-json\/wp\/v2\/media?parent=4939"}],"curies":[{"name":"wp","href":"https:\/\/api.w.org\/{rel}","templated":true}]}}