{"id":4941,"date":"2022-05-25T17:31:51","date_gmt":"2022-05-25T15:31:51","guid":{"rendered":"http:\/\/medicals.benin-digital.com\/?page_id=4941"},"modified":"2025-04-29T12:30:51","modified_gmt":"2025-04-29T10:30:51","slug":"lophtalmologie-2","status":"publish","type":"page","link":"https:\/\/medicals.benin-digital.com\/index.php\/lophtalmologie-2\/","title":{"rendered":"L&#8217;Ophtalmologie"},"content":{"rendered":"\t\t<div data-elementor-type=\"wp-page\" data-elementor-id=\"4941\" class=\"elementor elementor-4941\">\n\t\t\t\t\t\t<section class=\"elementor-section elementor-top-section elementor-element elementor-element-5dc5bbe elementor-section-full_width elementor-section-height-default elementor-section-height-default\" data-id=\"5dc5bbe\" data-element_type=\"section\" data-e-type=\"section\">\n\t\t\t\t\t\t<div class=\"elementor-container elementor-column-gap-default\">\n\t\t\t\t\t<div class=\"elementor-column elementor-col-100 elementor-top-column elementor-element elementor-element-43680d3\" data-id=\"43680d3\" data-element_type=\"column\" data-e-type=\"column\">\n\t\t\t<div class=\"elementor-widget-wrap elementor-element-populated\">\n\t\t\t\t\t\t<div class=\"elementor-element elementor-element-57222af elementor-widget elementor-widget-image\" data-id=\"57222af\" data-element_type=\"widget\" data-e-type=\"widget\" data-widget_type=\"image.default\">\n\t\t\t\t<div class=\"elementor-widget-container\">\n\t\t\t\t\t\t\t\t\t\t\t\t\t\t\t<img fetchpriority=\"high\" decoding=\"async\" width=\"1024\" height=\"683\" src=\"https:\/\/medicals.benin-digital.com\/wp-content\/uploads\/2025\/04\/ophtal-1024x683.jpg\" class=\"attachment-large size-large wp-image-5761\" alt=\"\" srcset=\"https:\/\/medicals.benin-digital.com\/wp-content\/uploads\/2025\/04\/ophtal-1024x683.jpg 1024w, https:\/\/medicals.benin-digital.com\/wp-content\/uploads\/2025\/04\/ophtal-300x200.jpg 300w, https:\/\/medicals.benin-digital.com\/wp-content\/uploads\/2025\/04\/ophtal-768x512.jpg 768w, https:\/\/medicals.benin-digital.com\/wp-content\/uploads\/2025\/04\/ophtal-1536x1024.jpg 1536w, https:\/\/medicals.benin-digital.com\/wp-content\/uploads\/2025\/04\/ophtal-600x400.jpg 600w\" sizes=\"(max-width: 1024px) 100vw, 1024px\" \/>\t\t\t\t\t\t\t\t\t\t\t\t\t\t\t<\/div>\n\t\t\t\t<\/div>\n\t\t\t\t\t<\/div>\n\t\t<\/div>\n\t\t\t\t\t<\/div>\n\t\t<\/section>\n\t\t\t\t<section class=\"elementor-section elementor-top-section elementor-element elementor-element-3292890 elementor-section-boxed elementor-section-height-default elementor-section-height-default\" data-id=\"3292890\" data-element_type=\"section\" data-e-type=\"section\">\n\t\t\t\t\t\t<div class=\"elementor-container elementor-column-gap-default\">\n\t\t\t\t\t<div class=\"elementor-column elementor-col-100 elementor-top-column elementor-element elementor-element-9cad564\" data-id=\"9cad564\" data-element_type=\"column\" data-e-type=\"column\">\n\t\t\t<div class=\"elementor-widget-wrap elementor-element-populated\">\n\t\t\t\t\t\t<div class=\"elementor-element elementor-element-8aeeb5b elementor-widget elementor-widget-spacer\" data-id=\"8aeeb5b\" data-element_type=\"widget\" data-e-type=\"widget\" data-widget_type=\"spacer.default\">\n\t\t\t\t<div class=\"elementor-widget-container\">\n\t\t\t\t\t\t\t<div class=\"elementor-spacer\">\n\t\t\t<div class=\"elementor-spacer-inner\"><\/div>\n\t\t<\/div>\n\t\t\t\t\t\t<\/div>\n\t\t\t\t<\/div>\n\t\t\t\t\t<\/div>\n\t\t<\/div>\n\t\t\t\t\t<\/div>\n\t\t<\/section>\n\t\t\t\t<section class=\"elementor-section elementor-top-section elementor-element elementor-element-c476361 elementor-section-stretched elementor-section-boxed elementor-section-height-default elementor-section-height-default\" data-id=\"c476361\" data-element_type=\"section\" data-e-type=\"section\" data-settings=\"{&quot;stretch_section&quot;:&quot;section-stretched&quot;}\">\n\t\t\t\t\t\t<div class=\"elementor-container elementor-column-gap-default\">\n\t\t\t\t\t<div class=\"elementor-column elementor-col-100 elementor-top-column elementor-element elementor-element-221a0db\" data-id=\"221a0db\" data-element_type=\"column\" data-e-type=\"column\">\n\t\t\t<div class=\"elementor-widget-wrap elementor-element-populated\">\n\t\t\t\t\t\t<section class=\"elementor-section elementor-inner-section elementor-element elementor-element-5dbc290 elementor-section-boxed elementor-section-height-default elementor-section-height-default\" data-id=\"5dbc290\" data-element_type=\"section\" data-e-type=\"section\">\n\t\t\t\t\t\t<div class=\"elementor-container elementor-column-gap-default\">\n\t\t\t\t\t<div class=\"elementor-column elementor-col-50 elementor-inner-column elementor-element elementor-element-0953039\" data-id=\"0953039\" data-element_type=\"column\" data-e-type=\"column\">\n\t\t\t<div class=\"elementor-widget-wrap elementor-element-populated\">\n\t\t\t\t\t\t<div class=\"elementor-element elementor-element-76c8ddf elementor-widget elementor-widget-image\" data-id=\"76c8ddf\" data-element_type=\"widget\" data-e-type=\"widget\" data-widget_type=\"image.default\">\n\t\t\t\t<div class=\"elementor-widget-container\">\n\t\t\t\t\t\t\t\t\t\t\t\t\t\t\t<img decoding=\"async\" width=\"550\" height=\"408\" src=\"https:\/\/medicals.benin-digital.com\/wp-content\/uploads\/2022\/06\/gettyimages-1058390386-612x612-1-550x408.jpg\" class=\"attachment-medigroup_mikado_square size-medigroup_mikado_square wp-image-5455\" alt=\"\" \/>\t\t\t\t\t\t\t\t\t\t\t\t\t\t\t<\/div>\n\t\t\t\t<\/div>\n\t\t\t\t\t<\/div>\n\t\t<\/div>\n\t\t\t\t<div class=\"elementor-column elementor-col-50 elementor-inner-column elementor-element elementor-element-2ddff7d\" data-id=\"2ddff7d\" data-element_type=\"column\" data-e-type=\"column\">\n\t\t\t<div class=\"elementor-widget-wrap elementor-element-populated\">\n\t\t\t\t\t\t<div class=\"elementor-element elementor-element-5037a1d elementor-widget elementor-widget-text-editor\" data-id=\"5037a1d\" data-element_type=\"widget\" data-e-type=\"widget\" data-widget_type=\"text-editor.default\">\n\t\t\t\t<div class=\"elementor-widget-container\">\n\t\t\t\t\t\t\t\t\t<h3 class=\"fig-main-title\">Ophtalmologie<\/h3><h6 class=\"fig-main-title\"><span class=\"snt-fiche__sub-title\"><span style=\"color: #008080;\">1. Qu\u2019est-ce que c\u2019est ?<\/span><\/span><\/h6>\t\t\t\t\t\t\t\t<\/div>\n\t\t\t\t<\/div>\n\t\t\t\t<div class=\"elementor-element elementor-element-a047992 elementor-widget elementor-widget-text-editor\" data-id=\"a047992\" data-element_type=\"widget\" data-e-type=\"widget\" data-widget_type=\"text-editor.default\">\n\t\t\t\t<div class=\"elementor-widget-container\">\n\t\t\t\t\t\t\t\t\t<h4 class=\"fig-content__chapo\">L&#8217;ophtalmologie est la sp\u00e9cialit\u00e9 qui se consacre \u00e0 l&#8217;\u00e9tude de la structure et du fonctionnement des yeux et de ses annexes.<\/h4><div class=\"fig-content__body clearfix\"><p><span style=\"color: #000000;\">L&#8217;ophtalmologie est la sp\u00e9cialit\u00e9 qui se consacre \u00e0 l&#8217;\u00e9tude de la structure et du fonctionnement des yeux et de ses annexes, mais \u00e9galement au traitement m\u00e9dical ou chirurgical des maladies qui les concernent. L\u2019ophtalmologie est une sp\u00e9cialit\u00e9 chirurgicale mais, en France, certains m\u00e9decins ophtalmologistes n&#8217;op\u00e8rent pas, leur sp\u00e9cialit\u00e9 se nomme alors ophtalmologie m\u00e9dicale.<\/span><\/p><\/div>\t\t\t\t\t\t\t\t<\/div>\n\t\t\t\t<\/div>\n\t\t\t\t\t<\/div>\n\t\t<\/div>\n\t\t\t\t\t<\/div>\n\t\t<\/section>\n\t\t\t\t\t<\/div>\n\t\t<\/div>\n\t\t\t\t\t<\/div>\n\t\t<\/section>\n\t\t\t\t<section class=\"elementor-section elementor-top-section elementor-element elementor-element-9e33d9b elementor-section-boxed elementor-section-height-default elementor-section-height-default\" data-id=\"9e33d9b\" data-element_type=\"section\" data-e-type=\"section\">\n\t\t\t\t\t\t<div class=\"elementor-container elementor-column-gap-default\">\n\t\t\t\t\t<div class=\"elementor-column elementor-col-100 elementor-top-column elementor-element elementor-element-0db7978\" data-id=\"0db7978\" data-element_type=\"column\" data-e-type=\"column\">\n\t\t\t<div class=\"elementor-widget-wrap elementor-element-populated\">\n\t\t\t\t\t\t<div class=\"elementor-element elementor-element-32c8506 elementor-widget elementor-widget-spacer\" data-id=\"32c8506\" data-element_type=\"widget\" data-e-type=\"widget\" data-widget_type=\"spacer.default\">\n\t\t\t\t<div class=\"elementor-widget-container\">\n\t\t\t\t\t\t\t<div class=\"elementor-spacer\">\n\t\t\t<div class=\"elementor-spacer-inner\"><\/div>\n\t\t<\/div>\n\t\t\t\t\t\t<\/div>\n\t\t\t\t<\/div>\n\t\t\t\t\t<\/div>\n\t\t<\/div>\n\t\t\t\t\t<\/div>\n\t\t<\/section>\n\t\t\t\t<section class=\"elementor-section elementor-top-section elementor-element elementor-element-07011fe elementor-section-boxed elementor-section-height-default elementor-section-height-default\" data-id=\"07011fe\" data-element_type=\"section\" data-e-type=\"section\">\n\t\t\t\t\t\t<div class=\"elementor-container elementor-column-gap-default\">\n\t\t\t\t\t<div class=\"elementor-column elementor-col-50 elementor-top-column elementor-element elementor-element-93d39f6\" data-id=\"93d39f6\" data-element_type=\"column\" data-e-type=\"column\">\n\t\t\t<div class=\"elementor-widget-wrap elementor-element-populated\">\n\t\t\t\t\t\t<div class=\"elementor-element elementor-element-a8982dd elementor-widget elementor-widget-text-editor\" data-id=\"a8982dd\" data-element_type=\"widget\" data-e-type=\"widget\" data-widget_type=\"text-editor.default\">\n\t\t\t\t<div class=\"elementor-widget-container\">\n\t\t\t\t\t\t\t\t\t<h4 class=\"rtejustify\"><span style=\"color: #003366;\">A la recherche d&#8217;un trouble de la r\u00e9fraction<\/span><\/h4><p><span style=\"color: #0000ff;\">___________________________________________________________________________<\/span><\/p><p><span style=\"color: #000000;\">Vous sentez que votre vue se trouble et avez pris rendez-vous<\/span> <span style=\"color: #000000;\">chez l&#8217;ophtalmologiste <\/span><span style=\"color: #000000;\">pour y voir plus clair : bon r\u00e9flexe ! C&#8217;est en effet le m\u00e9decin ophtalmologiste qui peut d\u00e9terminer si vous avez un trouble de la r\u00e9fraction, c&#8217;est-\u00e0-dire une myopie, une hyperm\u00e9tropie, un astigmatisme ou encore une presbytie, et \u00e9valuer son avanc\u00e9e. Pour cela, il pratique une v\u00e9rification de l&#8217;acuit\u00e9 visuelle, c&#8217;est-\u00e0-dire la mesure de la vision de pr\u00e8s, de loin, avec ou sans correction. Puis il r\u00e9alise divers essais avec des verres afin d&#8217;obtenir l&#8217;acuit\u00e9 la plus optimale apr\u00e8s correction. Il d\u00e9livre alors une ordonnance pour un \u00e9quipement optique, qu&#8217;il s&#8217;agisse de lunettes et verres ou de lentilles de contact.<\/span><\/p><h4 class=\"rtejustify\">\u00a0<\/h4>\t\t\t\t\t\t\t\t<\/div>\n\t\t\t\t<\/div>\n\t\t\t\t\t<\/div>\n\t\t<\/div>\n\t\t\t\t<div class=\"elementor-column elementor-col-50 elementor-top-column elementor-element elementor-element-57ac257\" data-id=\"57ac257\" data-element_type=\"column\" data-e-type=\"column\">\n\t\t\t<div class=\"elementor-widget-wrap elementor-element-populated\">\n\t\t\t\t\t\t<div class=\"elementor-element elementor-element-7cba6f9 elementor-widget elementor-widget-image\" data-id=\"7cba6f9\" data-element_type=\"widget\" data-e-type=\"widget\" data-widget_type=\"image.default\">\n\t\t\t\t<div class=\"elementor-widget-container\">\n\t\t\t\t\t\t\t\t\t\t\t\t\t\t\t<img decoding=\"async\" width=\"550\" height=\"550\" src=\"https:\/\/medicals.benin-digital.com\/wp-content\/uploads\/2025\/04\/refrac-550x550.jpg\" class=\"attachment-medigroup_mikado_square size-medigroup_mikado_square wp-image-5762\" alt=\"\" srcset=\"https:\/\/medicals.benin-digital.com\/wp-content\/uploads\/2025\/04\/refrac-550x550.jpg 550w, https:\/\/medicals.benin-digital.com\/wp-content\/uploads\/2025\/04\/refrac-150x150.jpg 150w, https:\/\/medicals.benin-digital.com\/wp-content\/uploads\/2025\/04\/refrac-300x300.jpg 300w, https:\/\/medicals.benin-digital.com\/wp-content\/uploads\/2025\/04\/refrac-100x100.jpg 100w\" sizes=\"(max-width: 550px) 100vw, 550px\" \/>\t\t\t\t\t\t\t\t\t\t\t\t\t\t\t<\/div>\n\t\t\t\t<\/div>\n\t\t\t\t\t<\/div>\n\t\t<\/div>\n\t\t\t\t\t<\/div>\n\t\t<\/section>\n\t\t\t\t<section class=\"elementor-section elementor-top-section elementor-element elementor-element-5a7c226 elementor-section-boxed elementor-section-height-default elementor-section-height-default\" data-id=\"5a7c226\" data-element_type=\"section\" data-e-type=\"section\">\n\t\t\t\t\t\t<div class=\"elementor-container elementor-column-gap-default\">\n\t\t\t\t\t<div class=\"elementor-column elementor-col-100 elementor-top-column elementor-element elementor-element-d56dfce\" data-id=\"d56dfce\" data-element_type=\"column\" data-e-type=\"column\">\n\t\t\t<div class=\"elementor-widget-wrap elementor-element-populated\">\n\t\t\t\t\t\t<div class=\"elementor-element elementor-element-8ca5eca elementor-widget elementor-widget-spacer\" data-id=\"8ca5eca\" data-element_type=\"widget\" data-e-type=\"widget\" data-widget_type=\"spacer.default\">\n\t\t\t\t<div class=\"elementor-widget-container\">\n\t\t\t\t\t\t\t<div class=\"elementor-spacer\">\n\t\t\t<div class=\"elementor-spacer-inner\"><\/div>\n\t\t<\/div>\n\t\t\t\t\t\t<\/div>\n\t\t\t\t<\/div>\n\t\t\t\t\t<\/div>\n\t\t<\/div>\n\t\t\t\t\t<\/div>\n\t\t<\/section>\n\t\t\t\t<section class=\"elementor-section elementor-top-section elementor-element elementor-element-fd6af15 elementor-section-boxed elementor-section-height-default elementor-section-height-default\" data-id=\"fd6af15\" data-element_type=\"section\" data-e-type=\"section\">\n\t\t\t\t\t\t<div class=\"elementor-container elementor-column-gap-default\">\n\t\t\t\t\t<div class=\"elementor-column elementor-col-50 elementor-top-column elementor-element elementor-element-e6605fb\" data-id=\"e6605fb\" data-element_type=\"column\" data-e-type=\"column\">\n\t\t\t<div class=\"elementor-widget-wrap elementor-element-populated\">\n\t\t\t\t\t\t<div class=\"elementor-element elementor-element-2e08a45 elementor-widget elementor-widget-image\" data-id=\"2e08a45\" data-element_type=\"widget\" data-e-type=\"widget\" data-widget_type=\"image.default\">\n\t\t\t\t<div class=\"elementor-widget-container\">\n\t\t\t\t\t\t\t\t\t\t\t\t\t\t\t<img loading=\"lazy\" decoding=\"async\" width=\"550\" height=\"550\" src=\"https:\/\/medicals.benin-digital.com\/wp-content\/uploads\/2016\/07\/h3-slide-3-550x550.jpg\" class=\"attachment-medigroup_mikado_square size-medigroup_mikado_square wp-image-3012\" alt=\"a\" srcset=\"https:\/\/medicals.benin-digital.com\/wp-content\/uploads\/2016\/07\/h3-slide-3-550x550.jpg 550w, https:\/\/medicals.benin-digital.com\/wp-content\/uploads\/2016\/07\/h3-slide-3-300x300.jpg 300w, https:\/\/medicals.benin-digital.com\/wp-content\/uploads\/2016\/07\/h3-slide-3-100x100.jpg 100w, https:\/\/medicals.benin-digital.com\/wp-content\/uploads\/2016\/07\/h3-slide-3-150x150.jpg 150w\" sizes=\"(max-width: 550px) 100vw, 550px\" \/>\t\t\t\t\t\t\t\t\t\t\t\t\t\t\t<\/div>\n\t\t\t\t<\/div>\n\t\t\t\t\t<\/div>\n\t\t<\/div>\n\t\t\t\t<div class=\"elementor-column elementor-col-50 elementor-top-column elementor-element elementor-element-a86b412\" data-id=\"a86b412\" data-element_type=\"column\" data-e-type=\"column\">\n\t\t\t<div class=\"elementor-widget-wrap elementor-element-populated\">\n\t\t\t\t\t\t<div class=\"elementor-element elementor-element-f4e2fbd elementor-widget elementor-widget-text-editor\" data-id=\"f4e2fbd\" data-element_type=\"widget\" data-e-type=\"widget\" data-widget_type=\"text-editor.default\">\n\t\t\t\t<div class=\"elementor-widget-container\">\n\t\t\t\t\t\t\t\t\t<h4 class=\"rtejustify\"><span style=\"color: #003366;\">D\u00e9pistage et pr\u00e9vention sont essentiels<\/span><\/h4><p><span style=\"color: #0000ff;\">_____________________________________________________________________________<\/span><\/p><p><span style=\"color: #000000;\">Au-del\u00e0 de la d\u00e9couverte d&#8217;un trouble visuel, la consultation de l&#8217;ophtalmologiste, de par son caract\u00e8re m\u00e9dical, est indispensable pour v\u00e9rifier la bonne sant\u00e9 de l&#8217;\u0153il. Selon le Syndicat national des ophtalmologistes, trois consultations de demandes de lunettes sur dix sont l\u2019occasion pour l&#8217;ophtalmologiste de d\u00e9couvrir une pathologie : un chiffre qui donne \u00e0 comprendre toute l&#8217;importance de son r\u00f4le en mati\u00e8re de d\u00e9pistage et de pr\u00e9vention. En effet, rappelons ici que certaines pathologies oculaires sont particuli\u00e8rement insidieuses car asymptomatiques avec des atteintes fonctionnelles qui, lorsqu&#8217;elles sont ressenties, sont alors irr\u00e9versibles. C&#8217;est pourquoi tout l&#8217;enjeu de ces maladies, comme le glaucome<\/span>\u00a0<span style=\"color: #000000;\">ou la d\u00e9g\u00e9n\u00e9rescence maculaire li\u00e9e \u00e0 l&#8217;\u00e2ge (DMLA) qui est la premi\u00e8re cause de handicap visuel chez les plus de 50 ans, repose sur leur d\u00e9pistage pr\u00e9coce. Aujourd&#8217;hui, en France, on estime \u00e0 plus d&#8217;un million le nombre de personnes atteintes d&#8217;un glaucome. Or, plus de la moiti\u00e9 l&#8217;ignore \u00e0 ce jour&#8230;<\/span><\/p>\t\t\t\t\t\t\t\t<\/div>\n\t\t\t\t<\/div>\n\t\t\t\t\t<\/div>\n\t\t<\/div>\n\t\t\t\t\t<\/div>\n\t\t<\/section>\n\t\t\t\t<section class=\"elementor-section elementor-top-section elementor-element elementor-element-95ba313 elementor-section-stretched elementor-section-boxed elementor-section-height-default elementor-section-height-default\" data-id=\"95ba313\" data-element_type=\"section\" data-e-type=\"section\" data-settings=\"{&quot;stretch_section&quot;:&quot;section-stretched&quot;}\">\n\t\t\t\t\t\t<div class=\"elementor-container elementor-column-gap-default\">\n\t\t\t\t\t<div class=\"elementor-column elementor-col-100 elementor-top-column elementor-element elementor-element-78d2c39\" data-id=\"78d2c39\" data-element_type=\"column\" data-e-type=\"column\">\n\t\t\t<div class=\"elementor-widget-wrap elementor-element-populated\">\n\t\t\t\t\t\t<div class=\"elementor-element elementor-element-db533d3 elementor-widget elementor-widget-text-editor\" data-id=\"db533d3\" data-element_type=\"widget\" data-e-type=\"widget\" data-widget_type=\"text-editor.default\">\n\t\t\t\t<div class=\"elementor-widget-container\">\n\t\t\t\t\t\t\t\t\t<h4 style=\"text-align: center;\">D\u00e9couvrez nos ophtalmologues<\/h4>\t\t\t\t\t\t\t\t<\/div>\n\t\t\t\t<\/div>\n\t\t\t\t<section class=\"elementor-section elementor-inner-section elementor-element elementor-element-3e1c456 elementor-section-boxed elementor-section-height-default elementor-section-height-default\" data-id=\"3e1c456\" data-element_type=\"section\" data-e-type=\"section\">\n\t\t\t\t\t\t<div class=\"elementor-container elementor-column-gap-default\">\n\t\t\t\t\t<div class=\"elementor-column elementor-col-50 elementor-inner-column elementor-element elementor-element-bf26191\" data-id=\"bf26191\" data-element_type=\"column\" data-e-type=\"column\">\n\t\t\t<div class=\"elementor-widget-wrap elementor-element-populated\">\n\t\t\t\t\t\t<div class=\"elementor-element elementor-element-abd4943 elementor-position-top elementor-widget elementor-widget-image-box\" data-id=\"abd4943\" data-element_type=\"widget\" data-e-type=\"widget\" data-widget_type=\"image-box.default\">\n\t\t\t\t<div class=\"elementor-widget-container\">\n\t\t\t\t\t<div class=\"elementor-image-box-wrapper\"><figure class=\"elementor-image-box-img\"><img loading=\"lazy\" decoding=\"async\" width=\"612\" height=\"408\" src=\"https:\/\/medicals.benin-digital.com\/wp-content\/uploads\/2022\/06\/gettyimages-1065082936-612x612-1.jpg\" class=\"attachment-full size-full wp-image-5457\" alt=\"\" srcset=\"https:\/\/medicals.benin-digital.com\/wp-content\/uploads\/2022\/06\/gettyimages-1065082936-612x612-1.jpg 612w, https:\/\/medicals.benin-digital.com\/wp-content\/uploads\/2022\/06\/gettyimages-1065082936-612x612-1-300x200.jpg 300w, https:\/\/medicals.benin-digital.com\/wp-content\/uploads\/2022\/06\/gettyimages-1065082936-612x612-1-600x400.jpg 600w\" sizes=\"(max-width: 612px) 100vw, 612px\" \/><\/figure><div class=\"elementor-image-box-content\"><h5 class=\"elementor-image-box-title\">KAYLA  YAYA<\/h5><\/div><\/div>\t\t\t\t<\/div>\n\t\t\t\t<\/div>\n\t\t\t\t<div class=\"elementor-element elementor-element-d31365f elementor-button-info elementor-align-center elementor-widget elementor-widget-button\" data-id=\"d31365f\" data-element_type=\"widget\" data-e-type=\"widget\" data-widget_type=\"button.default\">\n\t\t\t\t<div class=\"elementor-widget-container\">\n\t\t\t\t\t\t\t\t\t<div class=\"elementor-button-wrapper\">\n\t\t\t\t\t<a class=\"elementor-button elementor-button-link elementor-size-sm elementor-animation-pulse\" href=\"#\">\n\t\t\t\t\t\t<span class=\"elementor-button-content-wrapper\">\n\t\t\t\t\t\t\t\t\t<span class=\"elementor-button-text\">Consulter<\/span>\n\t\t\t\t\t<\/span>\n\t\t\t\t\t<\/a>\n\t\t\t\t<\/div>\n\t\t\t\t\t\t\t\t<\/div>\n\t\t\t\t<\/div>\n\t\t\t\t\t<\/div>\n\t\t<\/div>\n\t\t\t\t<div class=\"elementor-column elementor-col-50 elementor-inner-column elementor-element elementor-element-399f2e9\" data-id=\"399f2e9\" data-element_type=\"column\" data-e-type=\"column\">\n\t\t\t<div class=\"elementor-widget-wrap elementor-element-populated\">\n\t\t\t\t\t\t<div class=\"elementor-element elementor-element-32883e7 elementor-position-top elementor-widget elementor-widget-image-box\" data-id=\"32883e7\" data-element_type=\"widget\" data-e-type=\"widget\" data-widget_type=\"image-box.default\">\n\t\t\t\t<div class=\"elementor-widget-container\">\n\t\t\t\t\t<div class=\"elementor-image-box-wrapper\"><figure class=\"elementor-image-box-img\"><img loading=\"lazy\" decoding=\"async\" width=\"612\" height=\"408\" src=\"https:\/\/medicals.benin-digital.com\/wp-content\/uploads\/2022\/06\/gettyimages-1322656859-612x612-1.jpg\" class=\"attachment-full size-full wp-image-5458\" alt=\"\" srcset=\"https:\/\/medicals.benin-digital.com\/wp-content\/uploads\/2022\/06\/gettyimages-1322656859-612x612-1.jpg 612w, https:\/\/medicals.benin-digital.com\/wp-content\/uploads\/2022\/06\/gettyimages-1322656859-612x612-1-300x200.jpg 300w, https:\/\/medicals.benin-digital.com\/wp-content\/uploads\/2022\/06\/gettyimages-1322656859-612x612-1-600x400.jpg 600w\" sizes=\"(max-width: 612px) 100vw, 612px\" \/><\/figure><div class=\"elementor-image-box-content\"><h5 class=\"elementor-image-box-title\">Rosias ASOGBA<\/h5><\/div><\/div>\t\t\t\t<\/div>\n\t\t\t\t<\/div>\n\t\t\t\t<div class=\"elementor-element elementor-element-6e7a613 elementor-button-info elementor-align-center elementor-widget elementor-widget-button\" data-id=\"6e7a613\" data-element_type=\"widget\" data-e-type=\"widget\" data-widget_type=\"button.default\">\n\t\t\t\t<div class=\"elementor-widget-container\">\n\t\t\t\t\t\t\t\t\t<div class=\"elementor-button-wrapper\">\n\t\t\t\t\t<a class=\"elementor-button elementor-button-link elementor-size-sm elementor-animation-pulse\" href=\"#\">\n\t\t\t\t\t\t<span class=\"elementor-button-content-wrapper\">\n\t\t\t\t\t\t\t\t\t<span class=\"elementor-button-text\">Consulter<\/span>\n\t\t\t\t\t<\/span>\n\t\t\t\t\t<\/a>\n\t\t\t\t<\/div>\n\t\t\t\t\t\t\t\t<\/div>\n\t\t\t\t<\/div>\n\t\t\t\t\t<\/div>\n\t\t<\/div>\n\t\t\t\t\t<\/div>\n\t\t<\/section>\n\t\t\t\t\t<\/div>\n\t\t<\/div>\n\t\t\t\t\t<\/div>\n\t\t<\/section>\n\t\t\t\t<section class=\"elementor-section elementor-top-section elementor-element elementor-element-e27a148 elementor-section-boxed elementor-section-height-default elementor-section-height-default\" data-id=\"e27a148\" data-element_type=\"section\" data-e-type=\"section\">\n\t\t\t\t\t\t<div class=\"elementor-container elementor-column-gap-default\">\n\t\t\t\t\t<div class=\"elementor-column elementor-col-100 elementor-top-column elementor-element elementor-element-e608ad0\" data-id=\"e608ad0\" data-element_type=\"column\" data-e-type=\"column\">\n\t\t\t<div class=\"elementor-widget-wrap elementor-element-populated\">\n\t\t\t\t\t\t<div class=\"elementor-element elementor-element-155e0d9 elementor-shape-circle elementor-grid-0 e-grid-align-center elementor-widget elementor-widget-social-icons\" data-id=\"155e0d9\" data-element_type=\"widget\" data-e-type=\"widget\" data-widget_type=\"social-icons.default\">\n\t\t\t\t<div class=\"elementor-widget-container\">\n\t\t\t\t\t\t\t<div class=\"elementor-social-icons-wrapper elementor-grid\" role=\"list\">\n\t\t\t\t\t\t\t<span class=\"elementor-grid-item\" role=\"listitem\">\n\t\t\t\t\t<a class=\"elementor-icon elementor-social-icon elementor-social-icon-facebook elementor-repeater-item-150b007\" target=\"_blank\">\n\t\t\t\t\t\t<span class=\"elementor-screen-only\">Facebook<\/span>\n\t\t\t\t\t\t<i aria-hidden=\"true\" class=\"fab fa-facebook\"><\/i>\t\t\t\t\t<\/a>\n\t\t\t\t<\/span>\n\t\t\t\t\t\t\t<span class=\"elementor-grid-item\" role=\"listitem\">\n\t\t\t\t\t<a class=\"elementor-icon elementor-social-icon elementor-social-icon-twitter elementor-repeater-item-b0d8cb6\" target=\"_blank\">\n\t\t\t\t\t\t<span class=\"elementor-screen-only\">Twitter<\/span>\n\t\t\t\t\t\t<i aria-hidden=\"true\" class=\"fab fa-twitter\"><\/i>\t\t\t\t\t<\/a>\n\t\t\t\t<\/span>\n\t\t\t\t\t<\/div>\n\t\t\t\t\t\t<\/div>\n\t\t\t\t<\/div>\n\t\t\t\t\t<\/div>\n\t\t<\/div>\n\t\t\t\t\t<\/div>\n\t\t<\/section>\n\t\t\t\t<\/div>\n\t\t","protected":false},"excerpt":{"rendered":"<p>Ophtalmologie 1. Qu\u2019est-ce que c\u2019est ? L&#8217;ophtalmologie est la sp\u00e9cialit\u00e9 qui se consacre \u00e0 l&#8217;\u00e9tude de la structure et du fonctionnement des yeux et de ses annexes. L&#8217;ophtalmologie est la sp\u00e9cialit\u00e9 qui se consacre \u00e0 l&#8217;\u00e9tude de la structure et du fonctionnement des yeux et&#8230;<\/p>\n","protected":false},"author":1,"featured_media":0,"parent":0,"menu_order":0,"comment_status":"closed","ping_status":"closed","template":"full-width.php","meta":{"footnotes":""},"class_list":["post-4941","page","type-page","status-publish","hentry"],"_links":{"self":[{"href":"https:\/\/medicals.benin-digital.com\/index.php\/wp-json\/wp\/v2\/pages\/4941","targetHints":{"allow":["GET"]}}],"collection":[{"href":"https:\/\/medicals.benin-digital.com\/index.php\/wp-json\/wp\/v2\/pages"}],"about":[{"href":"https:\/\/medicals.benin-digital.com\/index.php\/wp-json\/wp\/v2\/types\/page"}],"author":[{"embeddable":true,"href":"https:\/\/medicals.benin-digital.com\/index.php\/wp-json\/wp\/v2\/users\/1"}],"replies":[{"embeddable":true,"href":"https:\/\/medicals.benin-digital.com\/index.php\/wp-json\/wp\/v2\/comments?post=4941"}],"version-history":[{"count":16,"href":"https:\/\/medicals.benin-digital.com\/index.php\/wp-json\/wp\/v2\/pages\/4941\/revisions"}],"predecessor-version":[{"id":5830,"href":"https:\/\/medicals.benin-digital.com\/index.php\/wp-json\/wp\/v2\/pages\/4941\/revisions\/5830"}],"wp:attachment":[{"href":"https:\/\/medicals.benin-digital.com\/index.php\/wp-json\/wp\/v2\/media?parent=4941"}],"curies":[{"name":"wp","href":"https:\/\/api.w.org\/{rel}","templated":true}]}}